{"id":2341,"date":"2023-05-22T09:44:23","date_gmt":"2023-05-22T12:44:23","guid":{"rendered":"http:\/\/localhost\/smaNuevo\/?page_id=2341"},"modified":"2025-03-10T13:24:01","modified_gmt":"2025-03-10T16:24:01","slug":"equipo-de-formacion","status":"publish","type":"page","link":"https:\/\/www.sanmiguelarcangel.cl\/wpsma\/equipo-de-formacion\/","title":{"rendered":"EQUIPO DE FORMACI\u00d3N"},"content":{"rendered":"\t\t<div data-elementor-type=\"wp-page\" data-elementor-id=\"2341\" class=\"elementor elementor-2341\">\n\t\t\t\t\t\t<section class=\"elementor-section elementor-top-section elementor-element elementor-element-152930a elementor-section-boxed elementor-section-height-default elementor-section-height-default elementor-invisible\" data-id=\"152930a\" data-element_type=\"section\" data-e-type=\"section\" data-settings=\"{&quot;background_background&quot;:&quot;classic&quot;,&quot;animation&quot;:&quot;fadeIn&quot;}\">\n\t\t\t\t\t\t<div class=\"elementor-container elementor-column-gap-default\">\n\t\t\t\t\t<div class=\"elementor-column elementor-col-100 elementor-top-column elementor-element elementor-element-e813828\" data-id=\"e813828\" data-element_type=\"column\" data-e-type=\"column\">\n\t\t\t<div class=\"elementor-widget-wrap elementor-element-populated\">\n\t\t\t\t\t\t<div class=\"elementor-element elementor-element-97b0211 elementor-widget elementor-widget-heading\" data-id=\"97b0211\" data-element_type=\"widget\" data-e-type=\"widget\" data-widget_type=\"heading.default\">\n\t\t\t\t<div class=\"elementor-widget-container\">\n\t\t\t\t\t<h2 class=\"elementor-heading-title elementor-size-default\">EQUIPO DE FORMACI\u00d3N<\/h2>\t\t\t\t<\/div>\n\t\t\t\t<\/div>\n\t\t\t\t\t<\/div>\n\t\t<\/div>\n\t\t\t\t\t<\/div>\n\t\t<\/section>\n\t\t\t\t<section class=\"elementor-section elementor-top-section elementor-element elementor-element-2ea526e3 elementor-section-boxed elementor-section-height-default elementor-section-height-default\" data-id=\"2ea526e3\" data-element_type=\"section\" data-e-type=\"section\">\n\t\t\t\t\t\t<div class=\"elementor-container elementor-column-gap-default\">\n\t\t\t\t\t<div class=\"elementor-column elementor-col-50 elementor-top-column elementor-element elementor-element-7e7a190\" data-id=\"7e7a190\" data-element_type=\"column\" data-e-type=\"column\">\n\t\t\t<div class=\"elementor-widget-wrap elementor-element-populated\">\n\t\t\t\t\t\t<div class=\"elementor-element elementor-element-31026657 elementor-align-left elementor-hidden-desktop elementor-hidden-tablet elementor-hidden-mobile elementor-widget elementor-widget-button\" data-id=\"31026657\" data-element_type=\"widget\" data-e-type=\"widget\" data-widget_type=\"button.default\">\n\t\t\t\t<div class=\"elementor-widget-container\">\n\t\t\t\t\t\t\t\t\t<div class=\"elementor-button-wrapper\">\n\t\t\t\t\t<a class=\"elementor-button elementor-button-link elementor-size-lg\" href=\"https:\/\/www.sanmiguelarcangel.cl\/wpsma\/wp-admin\">\n\t\t\t\t\t\t<span class=\"elementor-button-content-wrapper\">\n\t\t\t\t\t\t<span class=\"elementor-button-icon\">\n\t\t\t\t<svg aria-hidden=\"true\" class=\"e-font-icon-svg e-far-user\" viewBox=\"0 0 448 512\" xmlns=\"http:\/\/www.w3.org\/2000\/svg\"><path d=\"M313.6 304c-28.7 0-42.5 16-89.6 16-47.1 0-60.8-16-89.6-16C60.2 304 0 364.2 0 438.4V464c0 26.5 21.5 48 48 48h352c26.5 0 48-21.5 48-48v-25.6c0-74.2-60.2-134.4-134.4-134.4zM400 464H48v-25.6c0-47.6 38.8-86.4 86.4-86.4 14.6 0 38.3 16 89.6 16 51.7 0 74.9-16 89.6-16 47.6 0 86.4 38.8 86.4 86.4V464zM224 288c79.5 0 144-64.5 144-144S303.5 0 224 0 80 64.5 80 144s64.5 144 144 144zm0-240c52.9 0 96 43.1 96 96s-43.1 96-96 96-96-43.1-96-96 43.1-96 96-96z\"><\/path><\/svg>\t\t\t<\/span>\n\t\t\t\t\t\t\t\t\t<span class=\"elementor-button-text\">Login Usuarios\u200e \u200e \u200e \u200e \u200e \u200e \u200e \u200e \u200e \u200e \u200e \u200e \u200e \u200e \u200e \u200e \u200e \u200e \u200e \u200e \u200e \u200e \u200e \u200e \u200e <\/span>\n\t\t\t\t\t<\/span>\n\t\t\t\t\t<\/a>\n\t\t\t\t<\/div>\n\t\t\t\t\t\t\t\t<\/div>\n\t\t\t\t<\/div>\n\t\t\t\t<div class=\"elementor-element elementor-element-2402c5cb later-menu elementor-hidden-tablet elementor-hidden-mobile elementor-widget elementor-widget-ekit-nav-menu\" data-id=\"2402c5cb\" data-element_type=\"widget\" data-e-type=\"widget\" data-widget_type=\"ekit-nav-menu.default\">\n\t\t\t\t<div class=\"elementor-widget-container\">\n\t\t\t\t\t\t\t<nav class=\"ekit-wid-con ekit_menu_responsive_tablet\"\n\t\t\tdata-hamburger-icon=\"\"\n\t\t\tdata-hamburger-icon-type=\"icon\"\n\t\t\tdata-responsive-breakpoint=\"1024\">\n\t\t\t            <button class=\"elementskit-menu-hamburger elementskit-menu-toggler\"  type=\"button\" aria-label=\"hamburger-icon\">\n                                    <span class=\"elementskit-menu-hamburger-icon\"><\/span><span class=\"elementskit-menu-hamburger-icon\"><\/span><span class=\"elementskit-menu-hamburger-icon\"><\/span>\n                            <\/button>\n            <div id=\"ekit-megamenu-menu-lateral\" class=\"elementskit-menu-container elementskit-menu-offcanvas-elements elementskit-navbar-nav-default ekit-nav-menu-one-page-yes ekit-nav-dropdown-click\"><ul id=\"menu-menu-lateral\" class=\"elementskit-navbar-nav elementskit-menu-po-left submenu-click-on-icon\"><li id=\"menu-item-16338\" class=\"menu-item menu-item-type-custom menu-item-object-custom menu-item-16338 nav-item elementskit-mobile-builder-content\" data-vertical-menu=750px><a href=\"\/events\/\" class=\"ekit-menu-nav-link\">CALENDARIO DE ACTIVIDADES<\/a><\/li>\n<li id=\"menu-item-2386\" class=\"menu-item menu-item-type-custom menu-item-object-custom menu-item-has-children menu-item-2386 nav-item elementskit-dropdown-has relative_position elementskit-dropdown-menu-default_width elementskit-mobile-builder-content\" data-vertical-menu=750px><a href=\"#\" class=\"ekit-menu-nav-link ekit-menu-dropdown-toggle\">INFORMACIONES GENERALES<i aria-hidden=\"true\" class=\"icon icon-down-arrow1 elementskit-submenu-indicator\"><\/i><\/a>\n<ul class=\"elementskit-dropdown elementskit-submenu-panel\">\n\t<li id=\"menu-item-2468\" class=\"menu-item menu-item-type-post_type menu-item-object-page menu-item-2468 nav-item elementskit-mobile-builder-content\" data-vertical-menu=750px><a href=\"https:\/\/www.sanmiguelarcangel.cl\/wpsma\/informaciones-generales-2025\/\" class=\" dropdown-item\">INFORMACIONES GENERALES 2026<\/a>\t<li id=\"menu-item-2467\" class=\"menu-item menu-item-type-post_type menu-item-object-page menu-item-2467 nav-item elementskit-mobile-builder-content\" data-vertical-menu=750px><a href=\"https:\/\/www.sanmiguelarcangel.cl\/wpsma\/horarios\/\" class=\" dropdown-item\">HORARIOS<\/a>\t<li id=\"menu-item-2466\" class=\"menu-item menu-item-type-post_type menu-item-object-page menu-item-2466 nav-item elementskit-mobile-builder-content\" data-vertical-menu=750px><a href=\"https:\/\/www.sanmiguelarcangel.cl\/wpsma\/listas-de-materiales\/\" class=\" dropdown-item\">LISTAS DE MATERIALES 2026<\/a>\t<li id=\"menu-item-2465\" class=\"menu-item menu-item-type-post_type menu-item-object-page menu-item-2465 nav-item elementskit-mobile-builder-content\" data-vertical-menu=750px><a href=\"https:\/\/www.sanmiguelarcangel.cl\/wpsma\/textos-escolares-2023\/\" class=\" dropdown-item\">TEXTOS ESCOLARES 2026<\/a>\t<li id=\"menu-item-2464\" class=\"menu-item menu-item-type-post_type menu-item-object-page menu-item-2464 nav-item elementskit-mobile-builder-content\" data-vertical-menu=750px><a href=\"https:\/\/www.sanmiguelarcangel.cl\/wpsma\/calendarios-de-evaluaciones-2023\/\" class=\" dropdown-item\">CALENDARIOS DE EVALUACIONES<\/a>\t<li id=\"menu-item-2463\" class=\"menu-item menu-item-type-post_type menu-item-object-page menu-item-2463 nav-item elementskit-mobile-builder-content\" data-vertical-menu=750px><a href=\"https:\/\/www.sanmiguelarcangel.cl\/wpsma\/plan-lector-2023\/\" class=\" dropdown-item\">PLAN LECTOR 2026<\/a>\t<li id=\"menu-item-2462\" class=\"menu-item menu-item-type-post_type menu-item-object-page menu-item-2462 nav-item elementskit-mobile-builder-content\" data-vertical-menu=750px><a href=\"https:\/\/www.sanmiguelarcangel.cl\/wpsma\/servicios\/\" class=\" dropdown-item\">SERVICIOS<\/a>\t<li id=\"menu-item-2460\" class=\"menu-item menu-item-type-post_type menu-item-object-page menu-item-2460 nav-item elementskit-mobile-builder-content\" data-vertical-menu=750px><a href=\"https:\/\/www.sanmiguelarcangel.cl\/wpsma\/valores\/\" class=\" dropdown-item\">VALORES<\/a>\t<li id=\"menu-item-2459\" class=\"menu-item menu-item-type-post_type menu-item-object-page menu-item-2459 nav-item elementskit-mobile-builder-content\" data-vertical-menu=750px><a href=\"https:\/\/www.sanmiguelarcangel.cl\/wpsma\/circulares-y-comunicaciones\/\" class=\" dropdown-item\">SEGURO COLECTIVO PARA ESCOLARIDAD<\/a><\/ul>\n<\/li>\n<li id=\"menu-item-2387\" class=\"menu-item menu-item-type-custom menu-item-object-custom menu-item-has-children menu-item-2387 nav-item elementskit-dropdown-has relative_position elementskit-dropdown-menu-default_width elementskit-mobile-builder-content\" data-vertical-menu=750px><a href=\"#\" class=\"ekit-menu-nav-link ekit-menu-dropdown-toggle\">CENTRO DE PADRES<i aria-hidden=\"true\" class=\"icon icon-down-arrow1 elementskit-submenu-indicator\"><\/i><\/a>\n<ul class=\"elementskit-dropdown elementskit-submenu-panel\">\n\t<li id=\"menu-item-2410\" class=\"menu-item menu-item-type-post_type menu-item-object-page menu-item-2410 nav-item elementskit-mobile-builder-content\" data-vertical-menu=750px><a href=\"https:\/\/www.sanmiguelarcangel.cl\/wpsma\/directiva\/\" class=\" dropdown-item\">DIRECTIVA<\/a><\/ul>\n<\/li>\n<li id=\"menu-item-2209\" class=\"menu-item menu-item-type-custom menu-item-object-custom menu-item-2209 nav-item elementskit-mobile-builder-content\" data-vertical-menu=750px><a href=\"https:\/\/schoolnet.colegium.com\/webapp\/es_CL\/login\" class=\"ekit-menu-nav-link\">SCHOOLNET<\/a><\/li>\n<li id=\"menu-item-2210\" class=\"menu-item menu-item-type-custom menu-item-object-custom menu-item-2210 nav-item elementskit-mobile-builder-content\" data-vertical-menu=750px><a href=\"https:\/\/www.sanmiguelarcangel.cl\/wpsma\/biblioteca\/\" class=\"ekit-menu-nav-link\">BIBLIOTECA SMA<\/a><\/li>\n<li id=\"menu-item-12485\" class=\"menu-item menu-item-type-post_type menu-item-object-page menu-item-12485 nav-item elementskit-mobile-builder-content\" data-vertical-menu=750px><a href=\"https:\/\/www.sanmiguelarcangel.cl\/wpsma\/anuarios\/\" class=\"ekit-menu-nav-link\">ANUARIOS<\/a><\/li>\n<li id=\"menu-item-2388\" class=\"menu-item menu-item-type-custom menu-item-object-custom menu-item-has-children menu-item-2388 nav-item elementskit-dropdown-has relative_position elementskit-dropdown-menu-default_width elementskit-mobile-builder-content\" data-vertical-menu=750px><a href=\"#\" class=\"ekit-menu-nav-link ekit-menu-dropdown-toggle\">CENTRO DE ALUMNOS<i aria-hidden=\"true\" class=\"icon icon-down-arrow1 elementskit-submenu-indicator\"><\/i><\/a>\n<ul class=\"elementskit-dropdown elementskit-submenu-panel\">\n\t<li id=\"menu-item-2411\" class=\"menu-item menu-item-type-post_type menu-item-object-page menu-item-2411 nav-item elementskit-mobile-builder-content\" data-vertical-menu=750px><a href=\"https:\/\/www.sanmiguelarcangel.cl\/wpsma\/directiva-alumnos\/\" class=\" dropdown-item\">DIRECTIVA ALUMNOS<\/a><\/ul>\n<\/li>\n<li id=\"menu-item-20510\" class=\"menu-item menu-item-type-post_type menu-item-object-page menu-item-20510 nav-item elementskit-mobile-builder-content\" data-vertical-menu=750px><a href=\"https:\/\/www.sanmiguelarcangel.cl\/wpsma\/extension\/\" class=\"ekit-menu-nav-link\">EXTENSI\u00d3N<\/a><\/li>\n<\/ul><div class=\"elementskit-nav-identity-panel\"><button class=\"elementskit-menu-close elementskit-menu-toggler\" type=\"button\">X<\/button><\/div><\/div>\n\t\t\t<div class=\"elementskit-menu-overlay elementskit-menu-offcanvas-elements elementskit-menu-toggler ekit-nav-menu--overlay\"><\/div>        <\/nav>\n\t\t\t\t\t\t<\/div>\n\t\t\t\t<\/div>\n\t\t\t\t<div class=\"elementor-element elementor-element-652cbf0 menulat elementor-hidden-desktop elementor-widget elementor-widget-ekit-nav-menu\" data-id=\"652cbf0\" data-element_type=\"widget\" data-e-type=\"widget\" data-widget_type=\"ekit-nav-menu.default\">\n\t\t\t\t<div class=\"elementor-widget-container\">\n\t\t\t\t\t\t\t<nav class=\"ekit-wid-con ekit_menu_responsive_tablet\"\n\t\t\tdata-hamburger-icon=\"\"\n\t\t\tdata-hamburger-icon-type=\"icon\"\n\t\t\tdata-responsive-breakpoint=\"1024\">\n\t\t\t            <button class=\"elementskit-menu-hamburger elementskit-menu-toggler\"  type=\"button\" aria-label=\"hamburger-icon\">\n                                    <span class=\"elementskit-menu-hamburger-icon\"><\/span><span class=\"elementskit-menu-hamburger-icon\"><\/span><span class=\"elementskit-menu-hamburger-icon\"><\/span>\n                            <\/button>\n            <div id=\"ekit-megamenu-menu-lateral\" class=\"elementskit-menu-container elementskit-menu-offcanvas-elements elementskit-navbar-nav-default ekit-nav-menu-one-page- ekit-nav-dropdown-hover\"><ul id=\"menu-menu-lateral-1\" class=\"elementskit-navbar-nav elementskit-menu-po-left submenu-click-on-icon\"><li class=\"menu-item menu-item-type-custom menu-item-object-custom menu-item-16338 nav-item elementskit-mobile-builder-content\" data-vertical-menu=750px><a href=\"\/events\/\" class=\"ekit-menu-nav-link\">CALENDARIO DE ACTIVIDADES<\/a><\/li>\n<li class=\"menu-item menu-item-type-custom menu-item-object-custom menu-item-has-children menu-item-2386 nav-item elementskit-dropdown-has relative_position elementskit-dropdown-menu-default_width elementskit-mobile-builder-content\" data-vertical-menu=750px><a href=\"#\" class=\"ekit-menu-nav-link ekit-menu-dropdown-toggle\">INFORMACIONES GENERALES<i aria-hidden=\"true\" class=\"icon icon-down-arrow1 elementskit-submenu-indicator\"><\/i><\/a>\n<ul class=\"elementskit-dropdown elementskit-submenu-panel\">\n\t<li class=\"menu-item menu-item-type-post_type menu-item-object-page menu-item-2468 nav-item elementskit-mobile-builder-content\" data-vertical-menu=750px><a href=\"https:\/\/www.sanmiguelarcangel.cl\/wpsma\/informaciones-generales-2025\/\" class=\" dropdown-item\">INFORMACIONES GENERALES 2026<\/a>\t<li class=\"menu-item menu-item-type-post_type menu-item-object-page menu-item-2467 nav-item elementskit-mobile-builder-content\" data-vertical-menu=750px><a href=\"https:\/\/www.sanmiguelarcangel.cl\/wpsma\/horarios\/\" class=\" dropdown-item\">HORARIOS<\/a>\t<li class=\"menu-item menu-item-type-post_type menu-item-object-page menu-item-2466 nav-item elementskit-mobile-builder-content\" data-vertical-menu=750px><a href=\"https:\/\/www.sanmiguelarcangel.cl\/wpsma\/listas-de-materiales\/\" class=\" dropdown-item\">LISTAS DE MATERIALES 2026<\/a>\t<li class=\"menu-item menu-item-type-post_type menu-item-object-page menu-item-2465 nav-item elementskit-mobile-builder-content\" data-vertical-menu=750px><a href=\"https:\/\/www.sanmiguelarcangel.cl\/wpsma\/textos-escolares-2023\/\" class=\" dropdown-item\">TEXTOS ESCOLARES 2026<\/a>\t<li class=\"menu-item menu-item-type-post_type menu-item-object-page menu-item-2464 nav-item elementskit-mobile-builder-content\" data-vertical-menu=750px><a href=\"https:\/\/www.sanmiguelarcangel.cl\/wpsma\/calendarios-de-evaluaciones-2023\/\" class=\" dropdown-item\">CALENDARIOS DE EVALUACIONES<\/a>\t<li class=\"menu-item menu-item-type-post_type menu-item-object-page menu-item-2463 nav-item elementskit-mobile-builder-content\" data-vertical-menu=750px><a href=\"https:\/\/www.sanmiguelarcangel.cl\/wpsma\/plan-lector-2023\/\" class=\" dropdown-item\">PLAN LECTOR 2026<\/a>\t<li class=\"menu-item menu-item-type-post_type menu-item-object-page menu-item-2462 nav-item elementskit-mobile-builder-content\" data-vertical-menu=750px><a href=\"https:\/\/www.sanmiguelarcangel.cl\/wpsma\/servicios\/\" class=\" dropdown-item\">SERVICIOS<\/a>\t<li class=\"menu-item menu-item-type-post_type menu-item-object-page menu-item-2460 nav-item elementskit-mobile-builder-content\" data-vertical-menu=750px><a href=\"https:\/\/www.sanmiguelarcangel.cl\/wpsma\/valores\/\" class=\" dropdown-item\">VALORES<\/a>\t<li class=\"menu-item menu-item-type-post_type menu-item-object-page menu-item-2459 nav-item elementskit-mobile-builder-content\" data-vertical-menu=750px><a href=\"https:\/\/www.sanmiguelarcangel.cl\/wpsma\/circulares-y-comunicaciones\/\" class=\" dropdown-item\">SEGURO COLECTIVO PARA ESCOLARIDAD<\/a><\/ul>\n<\/li>\n<li class=\"menu-item menu-item-type-custom menu-item-object-custom menu-item-has-children menu-item-2387 nav-item elementskit-dropdown-has relative_position elementskit-dropdown-menu-default_width elementskit-mobile-builder-content\" data-vertical-menu=750px><a href=\"#\" class=\"ekit-menu-nav-link ekit-menu-dropdown-toggle\">CENTRO DE PADRES<i aria-hidden=\"true\" class=\"icon icon-down-arrow1 elementskit-submenu-indicator\"><\/i><\/a>\n<ul class=\"elementskit-dropdown elementskit-submenu-panel\">\n\t<li class=\"menu-item menu-item-type-post_type menu-item-object-page menu-item-2410 nav-item elementskit-mobile-builder-content\" data-vertical-menu=750px><a href=\"https:\/\/www.sanmiguelarcangel.cl\/wpsma\/directiva\/\" class=\" dropdown-item\">DIRECTIVA<\/a><\/ul>\n<\/li>\n<li class=\"menu-item menu-item-type-custom menu-item-object-custom menu-item-2209 nav-item elementskit-mobile-builder-content\" data-vertical-menu=750px><a href=\"https:\/\/schoolnet.colegium.com\/webapp\/es_CL\/login\" class=\"ekit-menu-nav-link\">SCHOOLNET<\/a><\/li>\n<li class=\"menu-item menu-item-type-custom menu-item-object-custom menu-item-2210 nav-item elementskit-mobile-builder-content\" data-vertical-menu=750px><a href=\"https:\/\/www.sanmiguelarcangel.cl\/wpsma\/biblioteca\/\" class=\"ekit-menu-nav-link\">BIBLIOTECA SMA<\/a><\/li>\n<li class=\"menu-item menu-item-type-post_type menu-item-object-page menu-item-12485 nav-item elementskit-mobile-builder-content\" data-vertical-menu=750px><a href=\"https:\/\/www.sanmiguelarcangel.cl\/wpsma\/anuarios\/\" class=\"ekit-menu-nav-link\">ANUARIOS<\/a><\/li>\n<li class=\"menu-item menu-item-type-custom menu-item-object-custom menu-item-has-children menu-item-2388 nav-item elementskit-dropdown-has relative_position elementskit-dropdown-menu-default_width elementskit-mobile-builder-content\" data-vertical-menu=750px><a href=\"#\" class=\"ekit-menu-nav-link ekit-menu-dropdown-toggle\">CENTRO DE ALUMNOS<i aria-hidden=\"true\" class=\"icon icon-down-arrow1 elementskit-submenu-indicator\"><\/i><\/a>\n<ul class=\"elementskit-dropdown elementskit-submenu-panel\">\n\t<li class=\"menu-item menu-item-type-post_type menu-item-object-page menu-item-2411 nav-item elementskit-mobile-builder-content\" data-vertical-menu=750px><a href=\"https:\/\/www.sanmiguelarcangel.cl\/wpsma\/directiva-alumnos\/\" class=\" dropdown-item\">DIRECTIVA ALUMNOS<\/a><\/ul>\n<\/li>\n<li class=\"menu-item menu-item-type-post_type menu-item-object-page menu-item-20510 nav-item elementskit-mobile-builder-content\" data-vertical-menu=750px><a href=\"https:\/\/www.sanmiguelarcangel.cl\/wpsma\/extension\/\" class=\"ekit-menu-nav-link\">EXTENSI\u00d3N<\/a><\/li>\n<\/ul><div class=\"elementskit-nav-identity-panel\"><button class=\"elementskit-menu-close elementskit-menu-toggler\" type=\"button\">X<\/button><\/div><\/div>\n\t\t\t<div class=\"elementskit-menu-overlay elementskit-menu-offcanvas-elements elementskit-menu-toggler ekit-nav-menu--overlay\"><\/div>        <\/nav>\n\t\t\t\t\t\t<\/div>\n\t\t\t\t<\/div>\n\t\t\t\t\t<\/div>\n\t\t<\/div>\n\t\t\t\t<div class=\"elementor-column elementor-col-50 elementor-top-column elementor-element elementor-element-106934b\" data-id=\"106934b\" data-element_type=\"column\" data-e-type=\"column\">\n\t\t\t<div class=\"elementor-widget-wrap elementor-element-populated\">\n\t\t\t\t\t\t<div class=\"elementor-element elementor-element-2ccbb6f elementor-widget elementor-widget-text-editor\" data-id=\"2ccbb6f\" data-element_type=\"widget\" data-e-type=\"widget\" data-widget_type=\"text-editor.default\">\n\t\t\t\t<div class=\"elementor-widget-container\">\n\t\t\t\t\t\t\t\t\t<div class=\"vc_row wpb_row section vc_row-fluid \"><div class=\" full_section_inner clearfix\"><div class=\"wpb_column vc_column_container vc_col-sm-12\"><div class=\"vc_column-inner \"><div class=\"wpb_wrapper\"><div class=\"vc_row wpb_row section vc_row-fluid vc_inner \"><div class=\" full_section_inner clearfix \"><div class=\"wpb_column vc_column_container vc_col-sm-12\"><div class=\"vc_column-inner \"><div class=\"wpb_wrapper\"><div class=\"wpb_text_column wpb_content_element \"><div class=\"wpb_wrapper\"><p>El Plan de Formaci\u00f3n del Colegio SMA tiene como base el Catecismo de la Iglesia Cat\u00f3lica, complementado y enriquecido con la espiritualidad de la Pedagog\u00eda del Padre Jos\u00e9 Kentenich.<\/p><p>Este equipo est\u00e1 compuesto por los departamentos de Orientaci\u00f3n y de Pastoral.<\/p><p><strong><u>Objetivos generales:<\/u><\/strong><\/p><p>Los objetivos generales se relacionan directamente con las habilidades que se espera desarrollar y con las capacidades que se pretende instalar en los alumnos, basados en el ideal del Colegio:\u00a0<strong><em>\u201cInstrumentos de Mar\u00eda, firmes y libres para el mundo\u201d.\u00a0<\/em><\/strong>As\u00ed se busca:<\/p><ul><li><strong>Formar hombres y mujeres nuevos que sean capaces de vivir en libertad, con firmeza, vinculados y con un alto grado de amor.<\/strong><\/li><\/ul><ul><li><strong>Formar personas que son capaces de dar y recibir amor.<\/strong><\/li><\/ul><ul><li><strong>Formar personas que se vinculen org\u00e1nicamente con el mundo natural y sobrenatural, capaces de descubrir y llevar a cabo, como hijos e hijas de Dios, el plan Divino en sus vidas.<\/strong><\/li><\/ul><ul><li><strong>Formar personas que puedan forjar y vivir en comunidad; capaces de descubrir su sello personal y original, desarrollando sus talentos en servicio de los dem\u00e1s.<\/strong><\/li><\/ul><ul><li><strong>Formar personas con conciencia de Misi\u00f3n como instrumentos de Mar\u00eda y puedan ser un aporte para el mundo.<\/strong><\/li><\/ul><ul><li><strong>Fomentar personas que luchen por altos ideales para alcanzar la santidad.<\/strong><\/li><\/ul><\/div><\/div><\/div><\/div><\/div><\/div><\/div><\/div><\/div><\/div><\/div><\/div><div class=\"vc_row wpb_row section vc_row-fluid \"><div class=\" full_section_inner clearfix\"><div class=\"wpb_column vc_column_container vc_col-sm-12\"><div class=\"vc_column-inner \"><div class=\"wpb_wrapper\"><div class=\"vc_empty_space\">\u00a0<\/div><\/div><\/div><\/div><\/div><\/div>\t\t\t\t\t\t\t\t<\/div>\n\t\t\t\t<\/div>\n\t\t\t\t<div class=\"elementor-element elementor-element-06e6c4a elementor-widget elementor-widget-spacer\" data-id=\"06e6c4a\" data-element_type=\"widget\" data-e-type=\"widget\" data-widget_type=\"spacer.default\">\n\t\t\t\t<div class=\"elementor-widget-container\">\n\t\t\t\t\t\t\t<div class=\"elementor-spacer\">\n\t\t\t<div class=\"elementor-spacer-inner\"><\/div>\n\t\t<\/div>\n\t\t\t\t\t\t<\/div>\n\t\t\t\t<\/div>\n\t\t\t\t\t<\/div>\n\t\t<\/div>\n\t\t\t\t\t<\/div>\n\t\t<\/section>\n\t\t\t\t<\/div>\n\t\t","protected":false},"excerpt":{"rendered":"<p>EQUIPO DE FORMACI\u00d3N Login Usuarios\u200e \u200e \u200e \u200e \u200e \u200e \u200e \u200e \u200e \u200e \u200e \u200e \u200e \u200e \u200e \u200e \u200e \u200e \u200e \u200e \u200e \u200e \u200e \u200e \u200e CALENDARIO&#8230;<\/p>\n","protected":false},"author":2,"featured_media":0,"parent":0,"menu_order":0,"comment_status":"closed","ping_status":"closed","template":"","meta":{"_kadence_starter_templates_imported_post":true,"_kad_post_transparent":"disable","_kad_post_title":"hide","_kad_post_layout":"fullwidth","_kad_post_sidebar_id":"","_kad_post_content_style":"unboxed","_kad_post_vertical_padding":"hide","_kad_post_feature":"hide","_kad_post_feature_position":"","_kad_post_header":true,"_kad_post_footer":false,"_kad_post_classname":"","footnotes":""},"class_list":["post-2341","page","type-page","status-publish","hentry"],"_links":{"self":[{"href":"https:\/\/www.sanmiguelarcangel.cl\/wpsma\/wp-json\/wp\/v2\/pages\/2341","targetHints":{"allow":["GET"]}}],"collection":[{"href":"https:\/\/www.sanmiguelarcangel.cl\/wpsma\/wp-json\/wp\/v2\/pages"}],"about":[{"href":"https:\/\/www.sanmiguelarcangel.cl\/wpsma\/wp-json\/wp\/v2\/types\/page"}],"author":[{"embeddable":true,"href":"https:\/\/www.sanmiguelarcangel.cl\/wpsma\/wp-json\/wp\/v2\/users\/2"}],"replies":[{"embeddable":true,"href":"https:\/\/www.sanmiguelarcangel.cl\/wpsma\/wp-json\/wp\/v2\/comments?post=2341"}],"version-history":[{"count":29,"href":"https:\/\/www.sanmiguelarcangel.cl\/wpsma\/wp-json\/wp\/v2\/pages\/2341\/revisions"}],"predecessor-version":[{"id":18748,"href":"https:\/\/www.sanmiguelarcangel.cl\/wpsma\/wp-json\/wp\/v2\/pages\/2341\/revisions\/18748"}],"wp:attachment":[{"href":"https:\/\/www.sanmiguelarcangel.cl\/wpsma\/wp-json\/wp\/v2\/media?parent=2341"}],"curies":[{"name":"wp","href":"https:\/\/api.w.org\/{rel}","templated":true}]}}