{"id":2351,"date":"2023-05-22T10:42:26","date_gmt":"2023-05-22T13:42:26","guid":{"rendered":"http:\/\/localhost\/smaNuevo\/?page_id=2351"},"modified":"2025-03-10T13:49:35","modified_gmt":"2025-03-10T16:49:35","slug":"proyecto-visitacion","status":"publish","type":"page","link":"https:\/\/www.sanmiguelarcangel.cl\/wpsma\/proyecto-visitacion\/","title":{"rendered":"PROYECTO VISITACI\u00d3N"},"content":{"rendered":"\t\t<div data-elementor-type=\"wp-page\" data-elementor-id=\"2351\" class=\"elementor elementor-2351\">\n\t\t\t\t\t\t<section class=\"elementor-section elementor-top-section elementor-element elementor-element-152930a elementor-section-boxed elementor-section-height-default elementor-section-height-default elementor-invisible\" data-id=\"152930a\" data-element_type=\"section\" data-e-type=\"section\" data-settings=\"{&quot;background_background&quot;:&quot;classic&quot;,&quot;animation&quot;:&quot;fadeIn&quot;}\">\n\t\t\t\t\t\t<div class=\"elementor-container elementor-column-gap-default\">\n\t\t\t\t\t<div class=\"elementor-column elementor-col-100 elementor-top-column elementor-element elementor-element-e813828\" data-id=\"e813828\" data-element_type=\"column\" data-e-type=\"column\">\n\t\t\t<div class=\"elementor-widget-wrap elementor-element-populated\">\n\t\t\t\t\t\t<div class=\"elementor-element elementor-element-97b0211 elementor-widget elementor-widget-heading\" data-id=\"97b0211\" data-element_type=\"widget\" data-e-type=\"widget\" data-widget_type=\"heading.default\">\n\t\t\t\t<div class=\"elementor-widget-container\">\n\t\t\t\t\t<h2 class=\"elementor-heading-title elementor-size-default\">PROYECTO VISITACI\u00d3N<\/h2>\t\t\t\t<\/div>\n\t\t\t\t<\/div>\n\t\t\t\t\t<\/div>\n\t\t<\/div>\n\t\t\t\t\t<\/div>\n\t\t<\/section>\n\t\t\t\t<section class=\"elementor-section elementor-top-section elementor-element elementor-element-2f1cfed3 elementor-section-boxed elementor-section-height-default elementor-section-height-default\" data-id=\"2f1cfed3\" data-element_type=\"section\" data-e-type=\"section\">\n\t\t\t\t\t\t<div class=\"elementor-container elementor-column-gap-default\">\n\t\t\t\t\t<div class=\"elementor-column elementor-col-50 elementor-top-column elementor-element elementor-element-59a06f98\" data-id=\"59a06f98\" data-element_type=\"column\" data-e-type=\"column\">\n\t\t\t<div class=\"elementor-widget-wrap elementor-element-populated\">\n\t\t\t\t\t\t<div class=\"elementor-element elementor-element-281a1d4a elementor-align-left elementor-hidden-desktop elementor-hidden-tablet elementor-hidden-mobile elementor-widget elementor-widget-button\" data-id=\"281a1d4a\" data-element_type=\"widget\" data-e-type=\"widget\" data-widget_type=\"button.default\">\n\t\t\t\t<div class=\"elementor-widget-container\">\n\t\t\t\t\t\t\t\t\t<div class=\"elementor-button-wrapper\">\n\t\t\t\t\t<a class=\"elementor-button elementor-button-link elementor-size-lg\" href=\"https:\/\/www.sanmiguelarcangel.cl\/wpsma\/wp-admin\">\n\t\t\t\t\t\t<span class=\"elementor-button-content-wrapper\">\n\t\t\t\t\t\t<span class=\"elementor-button-icon\">\n\t\t\t\t<svg aria-hidden=\"true\" class=\"e-font-icon-svg e-far-user\" viewBox=\"0 0 448 512\" xmlns=\"http:\/\/www.w3.org\/2000\/svg\"><path d=\"M313.6 304c-28.7 0-42.5 16-89.6 16-47.1 0-60.8-16-89.6-16C60.2 304 0 364.2 0 438.4V464c0 26.5 21.5 48 48 48h352c26.5 0 48-21.5 48-48v-25.6c0-74.2-60.2-134.4-134.4-134.4zM400 464H48v-25.6c0-47.6 38.8-86.4 86.4-86.4 14.6 0 38.3 16 89.6 16 51.7 0 74.9-16 89.6-16 47.6 0 86.4 38.8 86.4 86.4V464zM224 288c79.5 0 144-64.5 144-144S303.5 0 224 0 80 64.5 80 144s64.5 144 144 144zm0-240c52.9 0 96 43.1 96 96s-43.1 96-96 96-96-43.1-96-96 43.1-96 96-96z\"><\/path><\/svg>\t\t\t<\/span>\n\t\t\t\t\t\t\t\t\t<span class=\"elementor-button-text\">Login Usuarios\u200e \u200e \u200e \u200e \u200e \u200e \u200e \u200e \u200e \u200e \u200e \u200e \u200e \u200e \u200e \u200e \u200e \u200e \u200e \u200e \u200e \u200e \u200e \u200e \u200e <\/span>\n\t\t\t\t\t<\/span>\n\t\t\t\t\t<\/a>\n\t\t\t\t<\/div>\n\t\t\t\t\t\t\t\t<\/div>\n\t\t\t\t<\/div>\n\t\t\t\t<div class=\"elementor-element elementor-element-1ff6ccce later-menu elementor-hidden-tablet elementor-hidden-mobile elementor-widget elementor-widget-ekit-nav-menu\" data-id=\"1ff6ccce\" data-element_type=\"widget\" data-e-type=\"widget\" data-widget_type=\"ekit-nav-menu.default\">\n\t\t\t\t<div class=\"elementor-widget-container\">\n\t\t\t\t\t\t\t<nav class=\"ekit-wid-con ekit_menu_responsive_tablet\"\n\t\t\tdata-hamburger-icon=\"\"\n\t\t\tdata-hamburger-icon-type=\"icon\"\n\t\t\tdata-responsive-breakpoint=\"1024\">\n\t\t\t            <button class=\"elementskit-menu-hamburger elementskit-menu-toggler\"  type=\"button\" aria-label=\"hamburger-icon\">\n                                    <span class=\"elementskit-menu-hamburger-icon\"><\/span><span class=\"elementskit-menu-hamburger-icon\"><\/span><span class=\"elementskit-menu-hamburger-icon\"><\/span>\n                            <\/button>\n            <div id=\"ekit-megamenu-menu-lateral\" class=\"elementskit-menu-container elementskit-menu-offcanvas-elements elementskit-navbar-nav-default ekit-nav-menu-one-page-yes ekit-nav-dropdown-click\"><ul id=\"menu-menu-lateral\" class=\"elementskit-navbar-nav elementskit-menu-po-left submenu-click-on-icon\"><li id=\"menu-item-16338\" class=\"menu-item menu-item-type-custom menu-item-object-custom menu-item-16338 nav-item elementskit-mobile-builder-content\" data-vertical-menu=750px><a href=\"\/events\/\" class=\"ekit-menu-nav-link\">CALENDARIO DE ACTIVIDADES<\/a><\/li>\n<li id=\"menu-item-2386\" class=\"menu-item menu-item-type-custom menu-item-object-custom menu-item-has-children menu-item-2386 nav-item elementskit-dropdown-has relative_position elementskit-dropdown-menu-default_width elementskit-mobile-builder-content\" data-vertical-menu=750px><a href=\"#\" class=\"ekit-menu-nav-link ekit-menu-dropdown-toggle\">INFORMACIONES GENERALES<i aria-hidden=\"true\" class=\"icon icon-down-arrow1 elementskit-submenu-indicator\"><\/i><\/a>\n<ul class=\"elementskit-dropdown elementskit-submenu-panel\">\n\t<li id=\"menu-item-2468\" class=\"menu-item menu-item-type-post_type menu-item-object-page menu-item-2468 nav-item elementskit-mobile-builder-content\" data-vertical-menu=750px><a href=\"https:\/\/www.sanmiguelarcangel.cl\/wpsma\/informaciones-generales-2025\/\" class=\" dropdown-item\">INFORMACIONES GENERALES 2026<\/a>\t<li id=\"menu-item-2467\" class=\"menu-item menu-item-type-post_type menu-item-object-page menu-item-2467 nav-item elementskit-mobile-builder-content\" data-vertical-menu=750px><a href=\"https:\/\/www.sanmiguelarcangel.cl\/wpsma\/horarios\/\" class=\" dropdown-item\">HORARIOS<\/a>\t<li id=\"menu-item-2466\" class=\"menu-item menu-item-type-post_type menu-item-object-page menu-item-2466 nav-item elementskit-mobile-builder-content\" data-vertical-menu=750px><a href=\"https:\/\/www.sanmiguelarcangel.cl\/wpsma\/listas-de-materiales\/\" class=\" dropdown-item\">LISTAS DE MATERIALES 2026<\/a>\t<li id=\"menu-item-2465\" class=\"menu-item menu-item-type-post_type menu-item-object-page menu-item-2465 nav-item elementskit-mobile-builder-content\" data-vertical-menu=750px><a href=\"https:\/\/www.sanmiguelarcangel.cl\/wpsma\/textos-escolares-2023\/\" class=\" dropdown-item\">TEXTOS ESCOLARES 2026<\/a>\t<li id=\"menu-item-2464\" class=\"menu-item menu-item-type-post_type menu-item-object-page menu-item-2464 nav-item elementskit-mobile-builder-content\" data-vertical-menu=750px><a href=\"https:\/\/www.sanmiguelarcangel.cl\/wpsma\/calendarios-de-evaluaciones-2023\/\" class=\" dropdown-item\">CALENDARIOS DE EVALUACIONES<\/a>\t<li id=\"menu-item-2463\" class=\"menu-item menu-item-type-post_type menu-item-object-page menu-item-2463 nav-item elementskit-mobile-builder-content\" data-vertical-menu=750px><a href=\"https:\/\/www.sanmiguelarcangel.cl\/wpsma\/plan-lector-2023\/\" class=\" dropdown-item\">PLAN LECTOR 2026<\/a>\t<li id=\"menu-item-2462\" class=\"menu-item menu-item-type-post_type menu-item-object-page menu-item-2462 nav-item elementskit-mobile-builder-content\" data-vertical-menu=750px><a href=\"https:\/\/www.sanmiguelarcangel.cl\/wpsma\/servicios\/\" class=\" dropdown-item\">SERVICIOS<\/a>\t<li id=\"menu-item-2460\" class=\"menu-item menu-item-type-post_type menu-item-object-page menu-item-2460 nav-item elementskit-mobile-builder-content\" data-vertical-menu=750px><a href=\"https:\/\/www.sanmiguelarcangel.cl\/wpsma\/valores\/\" class=\" dropdown-item\">VALORES<\/a>\t<li id=\"menu-item-2459\" class=\"menu-item menu-item-type-post_type menu-item-object-page menu-item-2459 nav-item elementskit-mobile-builder-content\" data-vertical-menu=750px><a href=\"https:\/\/www.sanmiguelarcangel.cl\/wpsma\/circulares-y-comunicaciones\/\" class=\" dropdown-item\">SEGURO COLECTIVO PARA ESCOLARIDAD<\/a><\/ul>\n<\/li>\n<li id=\"menu-item-2387\" class=\"menu-item menu-item-type-custom menu-item-object-custom menu-item-has-children menu-item-2387 nav-item elementskit-dropdown-has relative_position elementskit-dropdown-menu-default_width elementskit-mobile-builder-content\" data-vertical-menu=750px><a href=\"#\" class=\"ekit-menu-nav-link ekit-menu-dropdown-toggle\">CENTRO DE PADRES<i aria-hidden=\"true\" class=\"icon icon-down-arrow1 elementskit-submenu-indicator\"><\/i><\/a>\n<ul class=\"elementskit-dropdown elementskit-submenu-panel\">\n\t<li id=\"menu-item-2410\" class=\"menu-item menu-item-type-post_type menu-item-object-page menu-item-2410 nav-item elementskit-mobile-builder-content\" data-vertical-menu=750px><a href=\"https:\/\/www.sanmiguelarcangel.cl\/wpsma\/directiva\/\" class=\" dropdown-item\">DIRECTIVA<\/a><\/ul>\n<\/li>\n<li id=\"menu-item-2209\" class=\"menu-item menu-item-type-custom menu-item-object-custom menu-item-2209 nav-item elementskit-mobile-builder-content\" data-vertical-menu=750px><a href=\"https:\/\/schoolnet.colegium.com\/webapp\/es_CL\/login\" class=\"ekit-menu-nav-link\">SCHOOLNET<\/a><\/li>\n<li id=\"menu-item-2210\" class=\"menu-item menu-item-type-custom menu-item-object-custom menu-item-2210 nav-item elementskit-mobile-builder-content\" data-vertical-menu=750px><a href=\"https:\/\/www.sanmiguelarcangel.cl\/wpsma\/biblioteca\/\" class=\"ekit-menu-nav-link\">BIBLIOTECA SMA<\/a><\/li>\n<li id=\"menu-item-12485\" class=\"menu-item menu-item-type-post_type menu-item-object-page menu-item-12485 nav-item elementskit-mobile-builder-content\" data-vertical-menu=750px><a href=\"https:\/\/www.sanmiguelarcangel.cl\/wpsma\/anuarios\/\" class=\"ekit-menu-nav-link\">ANUARIOS<\/a><\/li>\n<li id=\"menu-item-2388\" class=\"menu-item menu-item-type-custom menu-item-object-custom menu-item-has-children menu-item-2388 nav-item elementskit-dropdown-has relative_position elementskit-dropdown-menu-default_width elementskit-mobile-builder-content\" data-vertical-menu=750px><a href=\"#\" class=\"ekit-menu-nav-link ekit-menu-dropdown-toggle\">CENTRO DE ALUMNOS<i aria-hidden=\"true\" class=\"icon icon-down-arrow1 elementskit-submenu-indicator\"><\/i><\/a>\n<ul class=\"elementskit-dropdown elementskit-submenu-panel\">\n\t<li id=\"menu-item-2411\" class=\"menu-item menu-item-type-post_type menu-item-object-page menu-item-2411 nav-item elementskit-mobile-builder-content\" data-vertical-menu=750px><a href=\"https:\/\/www.sanmiguelarcangel.cl\/wpsma\/directiva-alumnos\/\" class=\" dropdown-item\">DIRECTIVA ALUMNOS<\/a><\/ul>\n<\/li>\n<li id=\"menu-item-20510\" class=\"menu-item menu-item-type-post_type menu-item-object-page menu-item-20510 nav-item elementskit-mobile-builder-content\" data-vertical-menu=750px><a href=\"https:\/\/www.sanmiguelarcangel.cl\/wpsma\/extension\/\" class=\"ekit-menu-nav-link\">EXTENSI\u00d3N<\/a><\/li>\n<\/ul><div class=\"elementskit-nav-identity-panel\"><button class=\"elementskit-menu-close elementskit-menu-toggler\" type=\"button\">X<\/button><\/div><\/div>\n\t\t\t<div class=\"elementskit-menu-overlay elementskit-menu-offcanvas-elements elementskit-menu-toggler ekit-nav-menu--overlay\"><\/div>        <\/nav>\n\t\t\t\t\t\t<\/div>\n\t\t\t\t<\/div>\n\t\t\t\t<div class=\"elementor-element elementor-element-35772b5 menulat elementor-hidden-desktop elementor-widget elementor-widget-ekit-nav-menu\" data-id=\"35772b5\" data-element_type=\"widget\" data-e-type=\"widget\" data-widget_type=\"ekit-nav-menu.default\">\n\t\t\t\t<div class=\"elementor-widget-container\">\n\t\t\t\t\t\t\t<nav class=\"ekit-wid-con ekit_menu_responsive_tablet\"\n\t\t\tdata-hamburger-icon=\"\"\n\t\t\tdata-hamburger-icon-type=\"icon\"\n\t\t\tdata-responsive-breakpoint=\"1024\">\n\t\t\t            <button class=\"elementskit-menu-hamburger elementskit-menu-toggler\"  type=\"button\" aria-label=\"hamburger-icon\">\n                                    <span class=\"elementskit-menu-hamburger-icon\"><\/span><span class=\"elementskit-menu-hamburger-icon\"><\/span><span class=\"elementskit-menu-hamburger-icon\"><\/span>\n                            <\/button>\n            <div id=\"ekit-megamenu-menu-lateral\" class=\"elementskit-menu-container elementskit-menu-offcanvas-elements elementskit-navbar-nav-default ekit-nav-menu-one-page- ekit-nav-dropdown-hover\"><ul id=\"menu-menu-lateral-1\" class=\"elementskit-navbar-nav elementskit-menu-po-left submenu-click-on-icon\"><li class=\"menu-item menu-item-type-custom menu-item-object-custom menu-item-16338 nav-item elementskit-mobile-builder-content\" data-vertical-menu=750px><a href=\"\/events\/\" class=\"ekit-menu-nav-link\">CALENDARIO DE ACTIVIDADES<\/a><\/li>\n<li class=\"menu-item menu-item-type-custom menu-item-object-custom menu-item-has-children menu-item-2386 nav-item elementskit-dropdown-has relative_position elementskit-dropdown-menu-default_width elementskit-mobile-builder-content\" data-vertical-menu=750px><a href=\"#\" class=\"ekit-menu-nav-link ekit-menu-dropdown-toggle\">INFORMACIONES GENERALES<i aria-hidden=\"true\" class=\"icon icon-down-arrow1 elementskit-submenu-indicator\"><\/i><\/a>\n<ul class=\"elementskit-dropdown elementskit-submenu-panel\">\n\t<li class=\"menu-item menu-item-type-post_type menu-item-object-page menu-item-2468 nav-item elementskit-mobile-builder-content\" data-vertical-menu=750px><a href=\"https:\/\/www.sanmiguelarcangel.cl\/wpsma\/informaciones-generales-2025\/\" class=\" dropdown-item\">INFORMACIONES GENERALES 2026<\/a>\t<li class=\"menu-item menu-item-type-post_type menu-item-object-page menu-item-2467 nav-item elementskit-mobile-builder-content\" data-vertical-menu=750px><a href=\"https:\/\/www.sanmiguelarcangel.cl\/wpsma\/horarios\/\" class=\" dropdown-item\">HORARIOS<\/a>\t<li class=\"menu-item menu-item-type-post_type menu-item-object-page menu-item-2466 nav-item elementskit-mobile-builder-content\" data-vertical-menu=750px><a href=\"https:\/\/www.sanmiguelarcangel.cl\/wpsma\/listas-de-materiales\/\" class=\" dropdown-item\">LISTAS DE MATERIALES 2026<\/a>\t<li class=\"menu-item menu-item-type-post_type menu-item-object-page menu-item-2465 nav-item elementskit-mobile-builder-content\" data-vertical-menu=750px><a href=\"https:\/\/www.sanmiguelarcangel.cl\/wpsma\/textos-escolares-2023\/\" class=\" dropdown-item\">TEXTOS ESCOLARES 2026<\/a>\t<li class=\"menu-item menu-item-type-post_type menu-item-object-page menu-item-2464 nav-item elementskit-mobile-builder-content\" data-vertical-menu=750px><a href=\"https:\/\/www.sanmiguelarcangel.cl\/wpsma\/calendarios-de-evaluaciones-2023\/\" class=\" dropdown-item\">CALENDARIOS DE EVALUACIONES<\/a>\t<li class=\"menu-item menu-item-type-post_type menu-item-object-page menu-item-2463 nav-item elementskit-mobile-builder-content\" data-vertical-menu=750px><a href=\"https:\/\/www.sanmiguelarcangel.cl\/wpsma\/plan-lector-2023\/\" class=\" dropdown-item\">PLAN LECTOR 2026<\/a>\t<li class=\"menu-item menu-item-type-post_type menu-item-object-page menu-item-2462 nav-item elementskit-mobile-builder-content\" data-vertical-menu=750px><a href=\"https:\/\/www.sanmiguelarcangel.cl\/wpsma\/servicios\/\" class=\" dropdown-item\">SERVICIOS<\/a>\t<li class=\"menu-item menu-item-type-post_type menu-item-object-page menu-item-2460 nav-item elementskit-mobile-builder-content\" data-vertical-menu=750px><a href=\"https:\/\/www.sanmiguelarcangel.cl\/wpsma\/valores\/\" class=\" dropdown-item\">VALORES<\/a>\t<li class=\"menu-item menu-item-type-post_type menu-item-object-page menu-item-2459 nav-item elementskit-mobile-builder-content\" data-vertical-menu=750px><a href=\"https:\/\/www.sanmiguelarcangel.cl\/wpsma\/circulares-y-comunicaciones\/\" class=\" dropdown-item\">SEGURO COLECTIVO PARA ESCOLARIDAD<\/a><\/ul>\n<\/li>\n<li class=\"menu-item menu-item-type-custom menu-item-object-custom menu-item-has-children menu-item-2387 nav-item elementskit-dropdown-has relative_position elementskit-dropdown-menu-default_width elementskit-mobile-builder-content\" data-vertical-menu=750px><a href=\"#\" class=\"ekit-menu-nav-link ekit-menu-dropdown-toggle\">CENTRO DE PADRES<i aria-hidden=\"true\" class=\"icon icon-down-arrow1 elementskit-submenu-indicator\"><\/i><\/a>\n<ul class=\"elementskit-dropdown elementskit-submenu-panel\">\n\t<li class=\"menu-item menu-item-type-post_type menu-item-object-page menu-item-2410 nav-item elementskit-mobile-builder-content\" data-vertical-menu=750px><a href=\"https:\/\/www.sanmiguelarcangel.cl\/wpsma\/directiva\/\" class=\" dropdown-item\">DIRECTIVA<\/a><\/ul>\n<\/li>\n<li class=\"menu-item menu-item-type-custom menu-item-object-custom menu-item-2209 nav-item elementskit-mobile-builder-content\" data-vertical-menu=750px><a href=\"https:\/\/schoolnet.colegium.com\/webapp\/es_CL\/login\" class=\"ekit-menu-nav-link\">SCHOOLNET<\/a><\/li>\n<li class=\"menu-item menu-item-type-custom menu-item-object-custom menu-item-2210 nav-item elementskit-mobile-builder-content\" data-vertical-menu=750px><a href=\"https:\/\/www.sanmiguelarcangel.cl\/wpsma\/biblioteca\/\" class=\"ekit-menu-nav-link\">BIBLIOTECA SMA<\/a><\/li>\n<li class=\"menu-item menu-item-type-post_type menu-item-object-page menu-item-12485 nav-item elementskit-mobile-builder-content\" data-vertical-menu=750px><a href=\"https:\/\/www.sanmiguelarcangel.cl\/wpsma\/anuarios\/\" class=\"ekit-menu-nav-link\">ANUARIOS<\/a><\/li>\n<li class=\"menu-item menu-item-type-custom menu-item-object-custom menu-item-has-children menu-item-2388 nav-item elementskit-dropdown-has relative_position elementskit-dropdown-menu-default_width elementskit-mobile-builder-content\" data-vertical-menu=750px><a href=\"#\" class=\"ekit-menu-nav-link ekit-menu-dropdown-toggle\">CENTRO DE ALUMNOS<i aria-hidden=\"true\" class=\"icon icon-down-arrow1 elementskit-submenu-indicator\"><\/i><\/a>\n<ul class=\"elementskit-dropdown elementskit-submenu-panel\">\n\t<li class=\"menu-item menu-item-type-post_type menu-item-object-page menu-item-2411 nav-item elementskit-mobile-builder-content\" data-vertical-menu=750px><a href=\"https:\/\/www.sanmiguelarcangel.cl\/wpsma\/directiva-alumnos\/\" class=\" dropdown-item\">DIRECTIVA ALUMNOS<\/a><\/ul>\n<\/li>\n<li class=\"menu-item menu-item-type-post_type menu-item-object-page menu-item-20510 nav-item elementskit-mobile-builder-content\" data-vertical-menu=750px><a href=\"https:\/\/www.sanmiguelarcangel.cl\/wpsma\/extension\/\" class=\"ekit-menu-nav-link\">EXTENSI\u00d3N<\/a><\/li>\n<\/ul><div class=\"elementskit-nav-identity-panel\"><button class=\"elementskit-menu-close elementskit-menu-toggler\" type=\"button\">X<\/button><\/div><\/div>\n\t\t\t<div class=\"elementskit-menu-overlay elementskit-menu-offcanvas-elements elementskit-menu-toggler ekit-nav-menu--overlay\"><\/div>        <\/nav>\n\t\t\t\t\t\t<\/div>\n\t\t\t\t<\/div>\n\t\t\t\t\t<\/div>\n\t\t<\/div>\n\t\t\t\t<div class=\"elementor-column elementor-col-50 elementor-top-column elementor-element elementor-element-106934b\" data-id=\"106934b\" data-element_type=\"column\" data-e-type=\"column\">\n\t\t\t<div class=\"elementor-widget-wrap elementor-element-populated\">\n\t\t\t\t\t\t<div class=\"elementor-element elementor-element-3d05d16 elementor-widget elementor-widget-text-editor\" data-id=\"3d05d16\" data-element_type=\"widget\" data-e-type=\"widget\" data-widget_type=\"text-editor.default\">\n\t\t\t\t<div class=\"elementor-widget-container\">\n\t\t\t\t\t\t\t\t\t<p>Dentro de nuestro PEI, uno de los objetivos es que nuestros alumnos conozcan lo que sucede en su entorno, de manera que vivan conscientes de las necesidades materiales, afectivas, sociales y educacionales en que viven muchas personas. Esto se realiza a trav\u00e9s de la reflexi\u00f3n y tambi\u00e9n a trav\u00e9s de darle a nuestros alumnos la oportunidad de conocer estas necesidades e ir en ayuda de quienes las experimenten.<br \/>Como parte del plan de formaci\u00f3n, el servicio es muy importante en nuestro quehacer educativo. Es por esto que desde preescolar los alumnos participan en diferentes campa\u00f1as para recolectar ayuda, por ejemplo, la leche para Mar\u00eda Ayuda, los huevitos de pascua de Resurrecci\u00f3n y los ajuares, entre otras. Desde 6\u00ba B\u00e1sico empiezan a vincularse concretamente con hogares y jardines infantiles, visit\u00e1ndolos y entregando adem\u00e1s de lo recolectado, tiempo y compa\u00f1\u00eda, para culminar en IV Medio con la Semana Instrumentos de Mar\u00eda.<\/p>\t\t\t\t\t\t\t\t<\/div>\n\t\t\t\t<\/div>\n\t\t\t\t<div class=\"elementor-element elementor-element-bf2802c elementor-widget elementor-widget-image-gallery\" data-id=\"bf2802c\" data-element_type=\"widget\" data-e-type=\"widget\" data-widget_type=\"image-gallery.default\">\n\t\t\t\t<div class=\"elementor-widget-container\">\n\t\t\t\t\t\t\t<div class=\"elementor-image-gallery\">\n\t\t\t<div id='gallery-1' class='gallery galleryid-2351 gallery-columns-1 gallery-size-qi_addons_for_elementor_image_size_square'><figure class='gallery-item'>\n\t\t\t<div class='gallery-icon portrait'>\n\t\t\t\t<a data-elementor-open-lightbox=\"yes\" data-elementor-lightbox-slideshow=\"bf2802c\" data-elementor-lightbox-title=\"cartelvisitaci\u00f3n\" data-e-action-hash=\"#elementor-action%3Aaction%3Dlightbox%26settings%3DeyJpZCI6MjY4MSwidXJsIjoiaHR0cHM6XC9cL3d3dy5zYW5taWd1ZWxhcmNhbmdlbC5jbFwvd3BzbWFcL3dwLWNvbnRlbnRcL3VwbG9hZHNcLzIwMjNcLzA1XC9jYXJ0ZWx2aXNpdGFjaW9uLXNjYWxlZC5qcGciLCJzbGlkZXNob3ciOiJiZjI4MDJjIn0%3D\" href=\"https:\/\/i0.wp.com\/www.sanmiguelarcangel.cl\/wpsma\/wp-content\/uploads\/2023\/05\/cartelvisitacion-scaled.jpg?ssl=1\"><img data-recalc-dims=\"1\" fetchpriority=\"high\" decoding=\"async\" width=\"650\" height=\"650\" src=\"https:\/\/i0.wp.com\/www.sanmiguelarcangel.cl\/wpsma\/wp-content\/uploads\/2023\/05\/cartelvisitacion.jpg?resize=650%2C650&#038;ssl=1\" class=\"attachment-qi_addons_for_elementor_image_size_square size-qi_addons_for_elementor_image_size_square\" alt=\"\" srcset=\"https:\/\/i0.wp.com\/www.sanmiguelarcangel.cl\/wpsma\/wp-content\/uploads\/2023\/05\/cartelvisitacion-scaled.jpg?resize=650%2C650&amp;ssl=1 650w, https:\/\/i0.wp.com\/www.sanmiguelarcangel.cl\/wpsma\/wp-content\/uploads\/2023\/05\/cartelvisitacion-scaled.jpg?resize=150%2C150&amp;ssl=1 150w, https:\/\/i0.wp.com\/www.sanmiguelarcangel.cl\/wpsma\/wp-content\/uploads\/2023\/05\/cartelvisitacion-scaled.jpg?resize=1300%2C1300&amp;ssl=1 1300w\" sizes=\"(max-width: 650px) 100vw, 650px\" \/><\/a>\n\t\t\t<\/div><\/figure>\n\t\t<\/div>\n\t\t<\/div>\n\t\t\t\t\t\t<\/div>\n\t\t\t\t<\/div>\n\t\t\t\t<div class=\"elementor-element elementor-element-bfed75c elementor-align-center elementor-widget elementor-widget-button\" data-id=\"bfed75c\" data-element_type=\"widget\" data-e-type=\"widget\" data-widget_type=\"button.default\">\n\t\t\t\t<div class=\"elementor-widget-container\">\n\t\t\t\t\t\t\t\t\t<div class=\"elementor-button-wrapper\">\n\t\t\t\t\t<a class=\"elementor-button elementor-button-link elementor-size-sm\" href=\"\/wpsma\/wp-content\/uploads\/2023\/05\/cartelvisitacion.pdf\" target=\"_blank\">\n\t\t\t\t\t\t<span class=\"elementor-button-content-wrapper\">\n\t\t\t\t\t\t<span class=\"elementor-button-icon\">\n\t\t\t\t<svg aria-hidden=\"true\" class=\"e-font-icon-svg e-far-file-pdf\" viewBox=\"0 0 384 512\" xmlns=\"http:\/\/www.w3.org\/2000\/svg\"><path d=\"M369.9 97.9L286 14C277 5 264.8-.1 252.1-.1H48C21.5 0 0 21.5 0 48v416c0 26.5 21.5 48 48 48h288c26.5 0 48-21.5 48-48V131.9c0-12.7-5.1-25-14.1-34zM332.1 128H256V51.9l76.1 76.1zM48 464V48h160v104c0 13.3 10.7 24 24 24h104v288H48zm250.2-143.7c-12.2-12-47-8.7-64.4-6.5-17.2-10.5-28.7-25-36.8-46.3 3.9-16.1 10.1-40.6 5.4-56-4.2-26.2-37.8-23.6-42.6-5.9-4.4 16.1-.4 38.5 7 67.1-10 23.9-24.9 56-35.4 74.4-20 10.3-47 26.2-51 46.2-3.3 15.8 26 55.2 76.1-31.2 22.4-7.4 46.8-16.5 68.4-20.1 18.9 10.2 41 17 55.8 17 25.5 0 28-28.2 17.5-38.7zm-198.1 77.8c5.1-13.7 24.5-29.5 30.4-35-19 30.3-30.4 35.7-30.4 35zm81.6-190.6c7.4 0 6.7 32.1 1.8 40.8-4.4-13.9-4.3-40.8-1.8-40.8zm-24.4 136.6c9.7-16.9 18-37 24.7-54.7 8.3 15.1 18.9 27.2 30.1 35.5-20.8 4.3-38.9 13.1-54.8 19.2zm131.6-5s-5 6-37.3-7.8c35.1-2.6 40.9 5.4 37.3 7.8z\"><\/path><\/svg>\t\t\t<\/span>\n\t\t\t\t\t\t\t\t\t<span class=\"elementor-button-text\">VER \/ DESCARGAR PDF<\/span>\n\t\t\t\t\t<\/span>\n\t\t\t\t\t<\/a>\n\t\t\t\t<\/div>\n\t\t\t\t\t\t\t\t<\/div>\n\t\t\t\t<\/div>\n\t\t\t\t<div class=\"elementor-element elementor-element-141b8d9 elementor-widget elementor-widget-spacer\" data-id=\"141b8d9\" data-element_type=\"widget\" data-e-type=\"widget\" data-widget_type=\"spacer.default\">\n\t\t\t\t<div class=\"elementor-widget-container\">\n\t\t\t\t\t\t\t<div class=\"elementor-spacer\">\n\t\t\t<div class=\"elementor-spacer-inner\"><\/div>\n\t\t<\/div>\n\t\t\t\t\t\t<\/div>\n\t\t\t\t<\/div>\n\t\t\t\t\t<\/div>\n\t\t<\/div>\n\t\t\t\t\t<\/div>\n\t\t<\/section>\n\t\t\t\t<\/div>\n\t\t","protected":false},"excerpt":{"rendered":"<p>PROYECTO VISITACI\u00d3N Login Usuarios\u200e \u200e \u200e \u200e \u200e \u200e \u200e \u200e \u200e \u200e \u200e \u200e \u200e \u200e \u200e \u200e \u200e \u200e \u200e \u200e \u200e \u200e \u200e \u200e \u200e CALENDARIO DE&#8230;<\/p>\n","protected":false},"author":2,"featured_media":0,"parent":0,"menu_order":0,"comment_status":"closed","ping_status":"closed","template":"","meta":{"_kadence_starter_templates_imported_post":true,"_kad_post_transparent":"disable","_kad_post_title":"hide","_kad_post_layout":"fullwidth","_kad_post_sidebar_id":"","_kad_post_content_style":"unboxed","_kad_post_vertical_padding":"hide","_kad_post_feature":"hide","_kad_post_feature_position":"","_kad_post_header":true,"_kad_post_footer":false,"_kad_post_classname":"","footnotes":""},"class_list":["post-2351","page","type-page","status-publish","hentry"],"_links":{"self":[{"href":"https:\/\/www.sanmiguelarcangel.cl\/wpsma\/wp-json\/wp\/v2\/pages\/2351","targetHints":{"allow":["GET"]}}],"collection":[{"href":"https:\/\/www.sanmiguelarcangel.cl\/wpsma\/wp-json\/wp\/v2\/pages"}],"about":[{"href":"https:\/\/www.sanmiguelarcangel.cl\/wpsma\/wp-json\/wp\/v2\/types\/page"}],"author":[{"embeddable":true,"href":"https:\/\/www.sanmiguelarcangel.cl\/wpsma\/wp-json\/wp\/v2\/users\/2"}],"replies":[{"embeddable":true,"href":"https:\/\/www.sanmiguelarcangel.cl\/wpsma\/wp-json\/wp\/v2\/comments?post=2351"}],"version-history":[{"count":56,"href":"https:\/\/www.sanmiguelarcangel.cl\/wpsma\/wp-json\/wp\/v2\/pages\/2351\/revisions"}],"predecessor-version":[{"id":18790,"href":"https:\/\/www.sanmiguelarcangel.cl\/wpsma\/wp-json\/wp\/v2\/pages\/2351\/revisions\/18790"}],"wp:attachment":[{"href":"https:\/\/www.sanmiguelarcangel.cl\/wpsma\/wp-json\/wp\/v2\/media?parent=2351"}],"curies":[{"name":"wp","href":"https:\/\/api.w.org\/{rel}","templated":true}]}}