{"id":2373,"date":"2023-05-22T11:42:37","date_gmt":"2023-05-22T14:42:37","guid":{"rendered":"http:\/\/localhost\/smaNuevo\/?page_id=2373"},"modified":"2025-03-10T13:46:36","modified_gmt":"2025-03-10T16:46:36","slug":"ramas","status":"publish","type":"page","link":"https:\/\/www.sanmiguelarcangel.cl\/wpsma\/ramas\/","title":{"rendered":"PROGRAMA DEPORTIVO"},"content":{"rendered":"\t\t<div data-elementor-type=\"wp-page\" data-elementor-id=\"2373\" class=\"elementor elementor-2373\">\n\t\t\t\t\t\t<section class=\"elementor-section elementor-top-section elementor-element elementor-element-a0b6718 elementor-section-boxed elementor-section-height-default elementor-section-height-default elementor-invisible\" data-id=\"a0b6718\" data-element_type=\"section\" data-e-type=\"section\" data-settings=\"{&quot;background_background&quot;:&quot;classic&quot;,&quot;animation&quot;:&quot;fadeIn&quot;}\">\n\t\t\t\t\t\t<div class=\"elementor-container elementor-column-gap-default\">\n\t\t\t\t\t<div class=\"elementor-column elementor-col-100 elementor-top-column elementor-element elementor-element-d8502dd\" data-id=\"d8502dd\" data-element_type=\"column\" data-e-type=\"column\">\n\t\t\t<div class=\"elementor-widget-wrap elementor-element-populated\">\n\t\t\t\t\t\t<div class=\"elementor-element elementor-element-93cac5d elementor-widget elementor-widget-heading\" data-id=\"93cac5d\" data-element_type=\"widget\" data-e-type=\"widget\" data-widget_type=\"heading.default\">\n\t\t\t\t<div class=\"elementor-widget-container\">\n\t\t\t\t\t<h2 class=\"elementor-heading-title elementor-size-default\">PROGRAMA DEPORTIVO<\/h2>\t\t\t\t<\/div>\n\t\t\t\t<\/div>\n\t\t\t\t\t<\/div>\n\t\t<\/div>\n\t\t\t\t\t<\/div>\n\t\t<\/section>\n\t\t\t\t<section class=\"elementor-section elementor-top-section elementor-element elementor-element-1858e749 elementor-section-boxed elementor-section-height-default elementor-section-height-default\" data-id=\"1858e749\" data-element_type=\"section\" data-e-type=\"section\">\n\t\t\t\t\t\t<div class=\"elementor-container elementor-column-gap-default\">\n\t\t\t\t\t<div class=\"elementor-column elementor-col-50 elementor-top-column elementor-element elementor-element-62198ae9\" data-id=\"62198ae9\" data-element_type=\"column\" data-e-type=\"column\">\n\t\t\t<div class=\"elementor-widget-wrap elementor-element-populated\">\n\t\t\t\t\t\t<div class=\"elementor-element elementor-element-771c5d4e elementor-align-left elementor-hidden-desktop elementor-hidden-tablet elementor-hidden-mobile elementor-widget elementor-widget-button\" data-id=\"771c5d4e\" data-element_type=\"widget\" data-e-type=\"widget\" data-widget_type=\"button.default\">\n\t\t\t\t<div class=\"elementor-widget-container\">\n\t\t\t\t\t\t\t\t\t<div class=\"elementor-button-wrapper\">\n\t\t\t\t\t<a class=\"elementor-button elementor-button-link elementor-size-lg\" href=\"https:\/\/www.sanmiguelarcangel.cl\/wpsma\/wp-admin\">\n\t\t\t\t\t\t<span class=\"elementor-button-content-wrapper\">\n\t\t\t\t\t\t<span class=\"elementor-button-icon\">\n\t\t\t\t<svg aria-hidden=\"true\" class=\"e-font-icon-svg e-far-user\" viewBox=\"0 0 448 512\" xmlns=\"http:\/\/www.w3.org\/2000\/svg\"><path d=\"M313.6 304c-28.7 0-42.5 16-89.6 16-47.1 0-60.8-16-89.6-16C60.2 304 0 364.2 0 438.4V464c0 26.5 21.5 48 48 48h352c26.5 0 48-21.5 48-48v-25.6c0-74.2-60.2-134.4-134.4-134.4zM400 464H48v-25.6c0-47.6 38.8-86.4 86.4-86.4 14.6 0 38.3 16 89.6 16 51.7 0 74.9-16 89.6-16 47.6 0 86.4 38.8 86.4 86.4V464zM224 288c79.5 0 144-64.5 144-144S303.5 0 224 0 80 64.5 80 144s64.5 144 144 144zm0-240c52.9 0 96 43.1 96 96s-43.1 96-96 96-96-43.1-96-96 43.1-96 96-96z\"><\/path><\/svg>\t\t\t<\/span>\n\t\t\t\t\t\t\t\t\t<span class=\"elementor-button-text\">Login Usuarios\u200e \u200e \u200e \u200e \u200e \u200e \u200e \u200e \u200e \u200e \u200e \u200e \u200e \u200e \u200e \u200e \u200e \u200e \u200e \u200e \u200e \u200e \u200e \u200e \u200e <\/span>\n\t\t\t\t\t<\/span>\n\t\t\t\t\t<\/a>\n\t\t\t\t<\/div>\n\t\t\t\t\t\t\t\t<\/div>\n\t\t\t\t<\/div>\n\t\t\t\t<div class=\"elementor-element elementor-element-57cf42f2 later-menu elementor-hidden-tablet elementor-hidden-mobile elementor-widget elementor-widget-ekit-nav-menu\" data-id=\"57cf42f2\" data-element_type=\"widget\" data-e-type=\"widget\" data-widget_type=\"ekit-nav-menu.default\">\n\t\t\t\t<div class=\"elementor-widget-container\">\n\t\t\t\t\t\t\t<nav class=\"ekit-wid-con ekit_menu_responsive_tablet\"\n\t\t\tdata-hamburger-icon=\"\"\n\t\t\tdata-hamburger-icon-type=\"icon\"\n\t\t\tdata-responsive-breakpoint=\"1024\">\n\t\t\t            <button class=\"elementskit-menu-hamburger elementskit-menu-toggler\"  type=\"button\" aria-label=\"hamburger-icon\">\n                                    <span class=\"elementskit-menu-hamburger-icon\"><\/span><span class=\"elementskit-menu-hamburger-icon\"><\/span><span class=\"elementskit-menu-hamburger-icon\"><\/span>\n                            <\/button>\n            <div id=\"ekit-megamenu-menu-lateral\" class=\"elementskit-menu-container elementskit-menu-offcanvas-elements elementskit-navbar-nav-default ekit-nav-menu-one-page-yes ekit-nav-dropdown-click\"><ul id=\"menu-menu-lateral\" class=\"elementskit-navbar-nav elementskit-menu-po-left submenu-click-on-icon\"><li id=\"menu-item-16338\" class=\"menu-item menu-item-type-custom menu-item-object-custom menu-item-16338 nav-item elementskit-mobile-builder-content\" data-vertical-menu=750px><a href=\"\/events\/\" class=\"ekit-menu-nav-link\">CALENDARIO DE ACTIVIDADES<\/a><\/li>\n<li id=\"menu-item-2386\" class=\"menu-item menu-item-type-custom menu-item-object-custom menu-item-has-children menu-item-2386 nav-item elementskit-dropdown-has relative_position elementskit-dropdown-menu-default_width elementskit-mobile-builder-content\" data-vertical-menu=750px><a href=\"#\" class=\"ekit-menu-nav-link ekit-menu-dropdown-toggle\">INFORMACIONES GENERALES<i aria-hidden=\"true\" class=\"icon icon-down-arrow1 elementskit-submenu-indicator\"><\/i><\/a>\n<ul class=\"elementskit-dropdown elementskit-submenu-panel\">\n\t<li id=\"menu-item-2468\" class=\"menu-item menu-item-type-post_type menu-item-object-page menu-item-2468 nav-item elementskit-mobile-builder-content\" data-vertical-menu=750px><a href=\"https:\/\/www.sanmiguelarcangel.cl\/wpsma\/informaciones-generales-2025\/\" class=\" dropdown-item\">INFORMACIONES GENERALES 2026<\/a>\t<li id=\"menu-item-2467\" class=\"menu-item menu-item-type-post_type menu-item-object-page menu-item-2467 nav-item elementskit-mobile-builder-content\" data-vertical-menu=750px><a href=\"https:\/\/www.sanmiguelarcangel.cl\/wpsma\/horarios\/\" class=\" dropdown-item\">HORARIOS<\/a>\t<li id=\"menu-item-2466\" class=\"menu-item menu-item-type-post_type menu-item-object-page menu-item-2466 nav-item elementskit-mobile-builder-content\" data-vertical-menu=750px><a href=\"https:\/\/www.sanmiguelarcangel.cl\/wpsma\/listas-de-materiales\/\" class=\" dropdown-item\">LISTAS DE MATERIALES 2026<\/a>\t<li id=\"menu-item-2465\" class=\"menu-item menu-item-type-post_type menu-item-object-page menu-item-2465 nav-item elementskit-mobile-builder-content\" data-vertical-menu=750px><a href=\"https:\/\/www.sanmiguelarcangel.cl\/wpsma\/textos-escolares-2023\/\" class=\" dropdown-item\">TEXTOS ESCOLARES 2026<\/a>\t<li id=\"menu-item-2464\" class=\"menu-item menu-item-type-post_type menu-item-object-page menu-item-2464 nav-item elementskit-mobile-builder-content\" data-vertical-menu=750px><a href=\"https:\/\/www.sanmiguelarcangel.cl\/wpsma\/calendarios-de-evaluaciones-2023\/\" class=\" dropdown-item\">CALENDARIOS DE EVALUACIONES<\/a>\t<li id=\"menu-item-2463\" class=\"menu-item menu-item-type-post_type menu-item-object-page menu-item-2463 nav-item elementskit-mobile-builder-content\" data-vertical-menu=750px><a href=\"https:\/\/www.sanmiguelarcangel.cl\/wpsma\/plan-lector-2023\/\" class=\" dropdown-item\">PLAN LECTOR 2026<\/a>\t<li id=\"menu-item-2462\" class=\"menu-item menu-item-type-post_type menu-item-object-page menu-item-2462 nav-item elementskit-mobile-builder-content\" data-vertical-menu=750px><a href=\"https:\/\/www.sanmiguelarcangel.cl\/wpsma\/servicios\/\" class=\" dropdown-item\">SERVICIOS<\/a>\t<li id=\"menu-item-2460\" class=\"menu-item menu-item-type-post_type menu-item-object-page menu-item-2460 nav-item elementskit-mobile-builder-content\" data-vertical-menu=750px><a href=\"https:\/\/www.sanmiguelarcangel.cl\/wpsma\/valores\/\" class=\" dropdown-item\">VALORES<\/a>\t<li id=\"menu-item-2459\" class=\"menu-item menu-item-type-post_type menu-item-object-page menu-item-2459 nav-item elementskit-mobile-builder-content\" data-vertical-menu=750px><a href=\"https:\/\/www.sanmiguelarcangel.cl\/wpsma\/circulares-y-comunicaciones\/\" class=\" dropdown-item\">SEGURO COLECTIVO PARA ESCOLARIDAD<\/a><\/ul>\n<\/li>\n<li id=\"menu-item-2387\" class=\"menu-item menu-item-type-custom menu-item-object-custom menu-item-has-children menu-item-2387 nav-item elementskit-dropdown-has relative_position elementskit-dropdown-menu-default_width elementskit-mobile-builder-content\" data-vertical-menu=750px><a href=\"#\" class=\"ekit-menu-nav-link ekit-menu-dropdown-toggle\">CENTRO DE PADRES<i aria-hidden=\"true\" class=\"icon icon-down-arrow1 elementskit-submenu-indicator\"><\/i><\/a>\n<ul class=\"elementskit-dropdown elementskit-submenu-panel\">\n\t<li id=\"menu-item-2410\" class=\"menu-item menu-item-type-post_type menu-item-object-page menu-item-2410 nav-item elementskit-mobile-builder-content\" data-vertical-menu=750px><a href=\"https:\/\/www.sanmiguelarcangel.cl\/wpsma\/directiva\/\" class=\" dropdown-item\">DIRECTIVA<\/a><\/ul>\n<\/li>\n<li id=\"menu-item-2209\" class=\"menu-item menu-item-type-custom menu-item-object-custom menu-item-2209 nav-item elementskit-mobile-builder-content\" data-vertical-menu=750px><a href=\"https:\/\/schoolnet.colegium.com\/webapp\/es_CL\/login\" class=\"ekit-menu-nav-link\">SCHOOLNET<\/a><\/li>\n<li id=\"menu-item-2210\" class=\"menu-item menu-item-type-custom menu-item-object-custom menu-item-2210 nav-item elementskit-mobile-builder-content\" data-vertical-menu=750px><a href=\"https:\/\/www.sanmiguelarcangel.cl\/wpsma\/biblioteca\/\" class=\"ekit-menu-nav-link\">BIBLIOTECA SMA<\/a><\/li>\n<li id=\"menu-item-12485\" class=\"menu-item menu-item-type-post_type menu-item-object-page menu-item-12485 nav-item elementskit-mobile-builder-content\" data-vertical-menu=750px><a href=\"https:\/\/www.sanmiguelarcangel.cl\/wpsma\/anuarios\/\" class=\"ekit-menu-nav-link\">ANUARIOS<\/a><\/li>\n<li id=\"menu-item-2388\" class=\"menu-item menu-item-type-custom menu-item-object-custom menu-item-has-children menu-item-2388 nav-item elementskit-dropdown-has relative_position elementskit-dropdown-menu-default_width elementskit-mobile-builder-content\" data-vertical-menu=750px><a href=\"#\" class=\"ekit-menu-nav-link ekit-menu-dropdown-toggle\">CENTRO DE ALUMNOS<i aria-hidden=\"true\" class=\"icon icon-down-arrow1 elementskit-submenu-indicator\"><\/i><\/a>\n<ul class=\"elementskit-dropdown elementskit-submenu-panel\">\n\t<li id=\"menu-item-2411\" class=\"menu-item menu-item-type-post_type menu-item-object-page menu-item-2411 nav-item elementskit-mobile-builder-content\" data-vertical-menu=750px><a href=\"https:\/\/www.sanmiguelarcangel.cl\/wpsma\/directiva-alumnos\/\" class=\" dropdown-item\">DIRECTIVA ALUMNOS<\/a><\/ul>\n<\/li>\n<li id=\"menu-item-20510\" class=\"menu-item menu-item-type-post_type menu-item-object-page menu-item-20510 nav-item elementskit-mobile-builder-content\" data-vertical-menu=750px><a href=\"https:\/\/www.sanmiguelarcangel.cl\/wpsma\/extension\/\" class=\"ekit-menu-nav-link\">EXTENSI\u00d3N<\/a><\/li>\n<\/ul><div class=\"elementskit-nav-identity-panel\"><button class=\"elementskit-menu-close elementskit-menu-toggler\" type=\"button\">X<\/button><\/div><\/div>\n\t\t\t<div class=\"elementskit-menu-overlay elementskit-menu-offcanvas-elements elementskit-menu-toggler ekit-nav-menu--overlay\"><\/div>        <\/nav>\n\t\t\t\t\t\t<\/div>\n\t\t\t\t<\/div>\n\t\t\t\t<div class=\"elementor-element elementor-element-12d22c3 menulat elementor-hidden-desktop elementor-widget elementor-widget-ekit-nav-menu\" data-id=\"12d22c3\" data-element_type=\"widget\" data-e-type=\"widget\" data-widget_type=\"ekit-nav-menu.default\">\n\t\t\t\t<div class=\"elementor-widget-container\">\n\t\t\t\t\t\t\t<nav class=\"ekit-wid-con ekit_menu_responsive_tablet\"\n\t\t\tdata-hamburger-icon=\"\"\n\t\t\tdata-hamburger-icon-type=\"icon\"\n\t\t\tdata-responsive-breakpoint=\"1024\">\n\t\t\t            <button class=\"elementskit-menu-hamburger elementskit-menu-toggler\"  type=\"button\" aria-label=\"hamburger-icon\">\n                                    <span class=\"elementskit-menu-hamburger-icon\"><\/span><span class=\"elementskit-menu-hamburger-icon\"><\/span><span class=\"elementskit-menu-hamburger-icon\"><\/span>\n                            <\/button>\n            <div id=\"ekit-megamenu-menu-lateral\" class=\"elementskit-menu-container elementskit-menu-offcanvas-elements elementskit-navbar-nav-default ekit-nav-menu-one-page- ekit-nav-dropdown-hover\"><ul id=\"menu-menu-lateral-1\" class=\"elementskit-navbar-nav elementskit-menu-po-left submenu-click-on-icon\"><li class=\"menu-item menu-item-type-custom menu-item-object-custom menu-item-16338 nav-item elementskit-mobile-builder-content\" data-vertical-menu=750px><a href=\"\/events\/\" class=\"ekit-menu-nav-link\">CALENDARIO DE ACTIVIDADES<\/a><\/li>\n<li class=\"menu-item menu-item-type-custom menu-item-object-custom menu-item-has-children menu-item-2386 nav-item elementskit-dropdown-has relative_position elementskit-dropdown-menu-default_width elementskit-mobile-builder-content\" data-vertical-menu=750px><a href=\"#\" class=\"ekit-menu-nav-link ekit-menu-dropdown-toggle\">INFORMACIONES GENERALES<i aria-hidden=\"true\" class=\"icon icon-down-arrow1 elementskit-submenu-indicator\"><\/i><\/a>\n<ul class=\"elementskit-dropdown elementskit-submenu-panel\">\n\t<li class=\"menu-item menu-item-type-post_type menu-item-object-page menu-item-2468 nav-item elementskit-mobile-builder-content\" data-vertical-menu=750px><a href=\"https:\/\/www.sanmiguelarcangel.cl\/wpsma\/informaciones-generales-2025\/\" class=\" dropdown-item\">INFORMACIONES GENERALES 2026<\/a>\t<li class=\"menu-item menu-item-type-post_type menu-item-object-page menu-item-2467 nav-item elementskit-mobile-builder-content\" data-vertical-menu=750px><a href=\"https:\/\/www.sanmiguelarcangel.cl\/wpsma\/horarios\/\" class=\" dropdown-item\">HORARIOS<\/a>\t<li class=\"menu-item menu-item-type-post_type menu-item-object-page menu-item-2466 nav-item elementskit-mobile-builder-content\" data-vertical-menu=750px><a href=\"https:\/\/www.sanmiguelarcangel.cl\/wpsma\/listas-de-materiales\/\" class=\" dropdown-item\">LISTAS DE MATERIALES 2026<\/a>\t<li class=\"menu-item menu-item-type-post_type menu-item-object-page menu-item-2465 nav-item elementskit-mobile-builder-content\" data-vertical-menu=750px><a href=\"https:\/\/www.sanmiguelarcangel.cl\/wpsma\/textos-escolares-2023\/\" class=\" dropdown-item\">TEXTOS ESCOLARES 2026<\/a>\t<li class=\"menu-item menu-item-type-post_type menu-item-object-page menu-item-2464 nav-item elementskit-mobile-builder-content\" data-vertical-menu=750px><a href=\"https:\/\/www.sanmiguelarcangel.cl\/wpsma\/calendarios-de-evaluaciones-2023\/\" class=\" dropdown-item\">CALENDARIOS DE EVALUACIONES<\/a>\t<li class=\"menu-item menu-item-type-post_type menu-item-object-page menu-item-2463 nav-item elementskit-mobile-builder-content\" data-vertical-menu=750px><a href=\"https:\/\/www.sanmiguelarcangel.cl\/wpsma\/plan-lector-2023\/\" class=\" dropdown-item\">PLAN LECTOR 2026<\/a>\t<li class=\"menu-item menu-item-type-post_type menu-item-object-page menu-item-2462 nav-item elementskit-mobile-builder-content\" data-vertical-menu=750px><a href=\"https:\/\/www.sanmiguelarcangel.cl\/wpsma\/servicios\/\" class=\" dropdown-item\">SERVICIOS<\/a>\t<li class=\"menu-item menu-item-type-post_type menu-item-object-page menu-item-2460 nav-item elementskit-mobile-builder-content\" data-vertical-menu=750px><a href=\"https:\/\/www.sanmiguelarcangel.cl\/wpsma\/valores\/\" class=\" dropdown-item\">VALORES<\/a>\t<li class=\"menu-item menu-item-type-post_type menu-item-object-page menu-item-2459 nav-item elementskit-mobile-builder-content\" data-vertical-menu=750px><a href=\"https:\/\/www.sanmiguelarcangel.cl\/wpsma\/circulares-y-comunicaciones\/\" class=\" dropdown-item\">SEGURO COLECTIVO PARA ESCOLARIDAD<\/a><\/ul>\n<\/li>\n<li class=\"menu-item menu-item-type-custom menu-item-object-custom menu-item-has-children menu-item-2387 nav-item elementskit-dropdown-has relative_position elementskit-dropdown-menu-default_width elementskit-mobile-builder-content\" data-vertical-menu=750px><a href=\"#\" class=\"ekit-menu-nav-link ekit-menu-dropdown-toggle\">CENTRO DE PADRES<i aria-hidden=\"true\" class=\"icon icon-down-arrow1 elementskit-submenu-indicator\"><\/i><\/a>\n<ul class=\"elementskit-dropdown elementskit-submenu-panel\">\n\t<li class=\"menu-item menu-item-type-post_type menu-item-object-page menu-item-2410 nav-item elementskit-mobile-builder-content\" data-vertical-menu=750px><a href=\"https:\/\/www.sanmiguelarcangel.cl\/wpsma\/directiva\/\" class=\" dropdown-item\">DIRECTIVA<\/a><\/ul>\n<\/li>\n<li class=\"menu-item menu-item-type-custom menu-item-object-custom menu-item-2209 nav-item elementskit-mobile-builder-content\" data-vertical-menu=750px><a href=\"https:\/\/schoolnet.colegium.com\/webapp\/es_CL\/login\" class=\"ekit-menu-nav-link\">SCHOOLNET<\/a><\/li>\n<li class=\"menu-item menu-item-type-custom menu-item-object-custom menu-item-2210 nav-item elementskit-mobile-builder-content\" data-vertical-menu=750px><a href=\"https:\/\/www.sanmiguelarcangel.cl\/wpsma\/biblioteca\/\" class=\"ekit-menu-nav-link\">BIBLIOTECA SMA<\/a><\/li>\n<li class=\"menu-item menu-item-type-post_type menu-item-object-page menu-item-12485 nav-item elementskit-mobile-builder-content\" data-vertical-menu=750px><a href=\"https:\/\/www.sanmiguelarcangel.cl\/wpsma\/anuarios\/\" class=\"ekit-menu-nav-link\">ANUARIOS<\/a><\/li>\n<li class=\"menu-item menu-item-type-custom menu-item-object-custom menu-item-has-children menu-item-2388 nav-item elementskit-dropdown-has relative_position elementskit-dropdown-menu-default_width elementskit-mobile-builder-content\" data-vertical-menu=750px><a href=\"#\" class=\"ekit-menu-nav-link ekit-menu-dropdown-toggle\">CENTRO DE ALUMNOS<i aria-hidden=\"true\" class=\"icon icon-down-arrow1 elementskit-submenu-indicator\"><\/i><\/a>\n<ul class=\"elementskit-dropdown elementskit-submenu-panel\">\n\t<li class=\"menu-item menu-item-type-post_type menu-item-object-page menu-item-2411 nav-item elementskit-mobile-builder-content\" data-vertical-menu=750px><a href=\"https:\/\/www.sanmiguelarcangel.cl\/wpsma\/directiva-alumnos\/\" class=\" dropdown-item\">DIRECTIVA ALUMNOS<\/a><\/ul>\n<\/li>\n<li class=\"menu-item menu-item-type-post_type menu-item-object-page menu-item-20510 nav-item elementskit-mobile-builder-content\" data-vertical-menu=750px><a href=\"https:\/\/www.sanmiguelarcangel.cl\/wpsma\/extension\/\" class=\"ekit-menu-nav-link\">EXTENSI\u00d3N<\/a><\/li>\n<\/ul><div class=\"elementskit-nav-identity-panel\"><button class=\"elementskit-menu-close elementskit-menu-toggler\" type=\"button\">X<\/button><\/div><\/div>\n\t\t\t<div class=\"elementskit-menu-overlay elementskit-menu-offcanvas-elements elementskit-menu-toggler ekit-nav-menu--overlay\"><\/div>        <\/nav>\n\t\t\t\t\t\t<\/div>\n\t\t\t\t<\/div>\n\t\t\t\t\t<\/div>\n\t\t<\/div>\n\t\t\t\t<div class=\"elementor-column elementor-col-50 elementor-top-column elementor-element elementor-element-e05cea3\" data-id=\"e05cea3\" data-element_type=\"column\" data-e-type=\"column\">\n\t\t\t<div class=\"elementor-widget-wrap elementor-element-populated\">\n\t\t\t\t\t\t<div class=\"elementor-element elementor-element-bade760 elementor-widget elementor-widget-text-editor\" data-id=\"bade760\" data-element_type=\"widget\" data-e-type=\"widget\" data-widget_type=\"text-editor.default\">\n\t\t\t\t<div class=\"elementor-widget-container\">\n\t\t\t\t\t\t\t\t\t<p>Como parte de la formaci\u00f3n integral de nuestros alumnos el deporte tiene gran importancia en el colegio, ya que tiene como objetivo desarrollar en ellos la capacidad de trabajar en equipo, la sana competencia y estimular y promover la actividad f\u00edsica como parte de la vida saludable y autocuidado.<br \/>El programa de Educaci\u00f3n F\u00edsica SMA contempla dos instancias obligatorias en las que los estudiantes deben participar.<\/p><p><strong>\u2022 Physical Education:<\/strong>\u00a0Clases realizadas durante la jornada regular. Consisten en cuatro horas semanales para Preescolar y dos semanales para Ense\u00f1anza B\u00e1sica y Educaci\u00f3n Media, que se realizan en el colegio.<\/p><p><strong>\u2022 Sports:<\/strong>\u00a0De 1\u00b0 B\u00e1sico a II Medio, los alumnos tienen clases de los cuatro deportes que son parte del curr\u00edculo oficial: B\u00e1squetbol, f\u00fatbol, hockey y atletismo. \u00c9stas se realizan en el colegio y en el Estadio San Jorge, una tarde a la semana.<br \/>Para 1\u00b0 y 2\u00b0 B\u00e1sico en estas clases se realiza iniciaci\u00f3n a los deportes, con una propuesta basada en el juego y enfocada a desarrollar destrezas, recursos sociales y fundamentos motores b\u00e1sicos. De 3\u00b0 B\u00e1sico en adelante, Sports est\u00e1 enfocado en una especializaci\u00f3n en estas disciplinas:<br \/><strong>Ni\u00f1as:<\/strong>\u00a0Hockey.<br \/><strong>Ni\u00f1os:<\/strong>\u00a0B\u00e1squetbol y f\u00fatbol.<br \/><strong>Mixto:<\/strong>\u00a0Atletismo.<\/p>\t\t\t\t\t\t\t\t<\/div>\n\t\t\t\t<\/div>\n\t\t\t\t<div class=\"elementor-element elementor-element-f40eac6 elementor-widget elementor-widget-spacer\" data-id=\"f40eac6\" data-element_type=\"widget\" data-e-type=\"widget\" data-widget_type=\"spacer.default\">\n\t\t\t\t<div class=\"elementor-widget-container\">\n\t\t\t\t\t\t\t<div class=\"elementor-spacer\">\n\t\t\t<div class=\"elementor-spacer-inner\"><\/div>\n\t\t<\/div>\n\t\t\t\t\t\t<\/div>\n\t\t\t\t<\/div>\n\t\t\t\t\t<\/div>\n\t\t<\/div>\n\t\t\t\t\t<\/div>\n\t\t<\/section>\n\t\t\t\t<\/div>\n\t\t","protected":false},"excerpt":{"rendered":"<p>PROGRAMA DEPORTIVO Login Usuarios\u200e \u200e \u200e \u200e \u200e \u200e \u200e \u200e \u200e \u200e \u200e \u200e \u200e \u200e \u200e \u200e \u200e \u200e \u200e \u200e \u200e \u200e \u200e \u200e \u200e CALENDARIO DE&#8230;<\/p>\n","protected":false},"author":2,"featured_media":0,"parent":0,"menu_order":0,"comment_status":"closed","ping_status":"closed","template":"","meta":{"_kadence_starter_templates_imported_post":true,"_kad_post_transparent":"disable","_kad_post_title":"hide","_kad_post_layout":"fullwidth","_kad_post_sidebar_id":"","_kad_post_content_style":"unboxed","_kad_post_vertical_padding":"hide","_kad_post_feature":"hide","_kad_post_feature_position":"","_kad_post_header":true,"_kad_post_footer":false,"_kad_post_classname":"","footnotes":""},"class_list":["post-2373","page","type-page","status-publish","hentry"],"_links":{"self":[{"href":"https:\/\/www.sanmiguelarcangel.cl\/wpsma\/wp-json\/wp\/v2\/pages\/2373","targetHints":{"allow":["GET"]}}],"collection":[{"href":"https:\/\/www.sanmiguelarcangel.cl\/wpsma\/wp-json\/wp\/v2\/pages"}],"about":[{"href":"https:\/\/www.sanmiguelarcangel.cl\/wpsma\/wp-json\/wp\/v2\/types\/page"}],"author":[{"embeddable":true,"href":"https:\/\/www.sanmiguelarcangel.cl\/wpsma\/wp-json\/wp\/v2\/users\/2"}],"replies":[{"embeddable":true,"href":"https:\/\/www.sanmiguelarcangel.cl\/wpsma\/wp-json\/wp\/v2\/comments?post=2373"}],"version-history":[{"count":21,"href":"https:\/\/www.sanmiguelarcangel.cl\/wpsma\/wp-json\/wp\/v2\/pages\/2373\/revisions"}],"predecessor-version":[{"id":18781,"href":"https:\/\/www.sanmiguelarcangel.cl\/wpsma\/wp-json\/wp\/v2\/pages\/2373\/revisions\/18781"}],"wp:attachment":[{"href":"https:\/\/www.sanmiguelarcangel.cl\/wpsma\/wp-json\/wp\/v2\/media?parent=2373"}],"curies":[{"name":"wp","href":"https:\/\/api.w.org\/{rel}","templated":true}]}}