{"id":2450,"date":"2023-05-22T15:43:36","date_gmt":"2023-05-22T18:43:36","guid":{"rendered":"http:\/\/localhost\/smaNuevo\/?page_id=2450"},"modified":"2025-12-17T12:42:25","modified_gmt":"2025-12-17T15:42:25","slug":"servicios","status":"publish","type":"page","link":"https:\/\/www.sanmiguelarcangel.cl\/wpsma\/servicios\/","title":{"rendered":"SERVICIOS"},"content":{"rendered":"\t\t<div data-elementor-type=\"wp-page\" data-elementor-id=\"2450\" class=\"elementor elementor-2450\">\n\t\t\t\t\t\t<section class=\"elementor-section elementor-top-section elementor-element elementor-element-152930a elementor-section-boxed elementor-section-height-default elementor-section-height-default elementor-invisible\" data-id=\"152930a\" data-element_type=\"section\" data-e-type=\"section\" data-settings=\"{&quot;background_background&quot;:&quot;classic&quot;,&quot;animation&quot;:&quot;fadeIn&quot;}\">\n\t\t\t\t\t\t<div class=\"elementor-container elementor-column-gap-default\">\n\t\t\t\t\t<div class=\"elementor-column elementor-col-100 elementor-top-column elementor-element elementor-element-e813828\" data-id=\"e813828\" data-element_type=\"column\" data-e-type=\"column\">\n\t\t\t<div class=\"elementor-widget-wrap elementor-element-populated\">\n\t\t\t\t\t\t<div class=\"elementor-element elementor-element-97b0211 elementor-widget elementor-widget-heading\" data-id=\"97b0211\" data-element_type=\"widget\" data-e-type=\"widget\" data-widget_type=\"heading.default\">\n\t\t\t\t<div class=\"elementor-widget-container\">\n\t\t\t\t\t<h2 class=\"elementor-heading-title elementor-size-default\">SERVICIOS<\/h2>\t\t\t\t<\/div>\n\t\t\t\t<\/div>\n\t\t\t\t\t<\/div>\n\t\t<\/div>\n\t\t\t\t\t<\/div>\n\t\t<\/section>\n\t\t\t\t<section class=\"elementor-section elementor-top-section elementor-element elementor-element-28046d4 elementor-section-boxed elementor-section-height-default elementor-section-height-default\" data-id=\"28046d4\" data-element_type=\"section\" data-e-type=\"section\">\n\t\t\t\t\t\t<div class=\"elementor-container elementor-column-gap-default\">\n\t\t\t\t\t<div class=\"elementor-column elementor-col-50 elementor-top-column elementor-element elementor-element-5e971443\" data-id=\"5e971443\" data-element_type=\"column\" data-e-type=\"column\">\n\t\t\t<div class=\"elementor-widget-wrap elementor-element-populated\">\n\t\t\t\t\t\t<div class=\"elementor-element elementor-element-5e3a5ce9 elementor-align-left elementor-hidden-desktop elementor-hidden-tablet elementor-hidden-mobile elementor-widget elementor-widget-button\" data-id=\"5e3a5ce9\" data-element_type=\"widget\" data-e-type=\"widget\" data-widget_type=\"button.default\">\n\t\t\t\t<div class=\"elementor-widget-container\">\n\t\t\t\t\t\t\t\t\t<div class=\"elementor-button-wrapper\">\n\t\t\t\t\t<a class=\"elementor-button elementor-button-link elementor-size-lg\" href=\"https:\/\/www.sanmiguelarcangel.cl\/wpsma\/wp-admin\">\n\t\t\t\t\t\t<span class=\"elementor-button-content-wrapper\">\n\t\t\t\t\t\t<span class=\"elementor-button-icon\">\n\t\t\t\t<svg aria-hidden=\"true\" class=\"e-font-icon-svg e-far-user\" viewBox=\"0 0 448 512\" xmlns=\"http:\/\/www.w3.org\/2000\/svg\"><path d=\"M313.6 304c-28.7 0-42.5 16-89.6 16-47.1 0-60.8-16-89.6-16C60.2 304 0 364.2 0 438.4V464c0 26.5 21.5 48 48 48h352c26.5 0 48-21.5 48-48v-25.6c0-74.2-60.2-134.4-134.4-134.4zM400 464H48v-25.6c0-47.6 38.8-86.4 86.4-86.4 14.6 0 38.3 16 89.6 16 51.7 0 74.9-16 89.6-16 47.6 0 86.4 38.8 86.4 86.4V464zM224 288c79.5 0 144-64.5 144-144S303.5 0 224 0 80 64.5 80 144s64.5 144 144 144zm0-240c52.9 0 96 43.1 96 96s-43.1 96-96 96-96-43.1-96-96 43.1-96 96-96z\"><\/path><\/svg>\t\t\t<\/span>\n\t\t\t\t\t\t\t\t\t<span class=\"elementor-button-text\">Login Usuarios\u200e \u200e \u200e \u200e \u200e \u200e \u200e \u200e \u200e \u200e \u200e \u200e \u200e \u200e \u200e \u200e \u200e \u200e \u200e \u200e \u200e \u200e \u200e \u200e \u200e <\/span>\n\t\t\t\t\t<\/span>\n\t\t\t\t\t<\/a>\n\t\t\t\t<\/div>\n\t\t\t\t\t\t\t\t<\/div>\n\t\t\t\t<\/div>\n\t\t\t\t<div class=\"elementor-element elementor-element-19b0ef6b later-menu elementor-hidden-tablet elementor-hidden-mobile elementor-widget elementor-widget-ekit-nav-menu\" data-id=\"19b0ef6b\" data-element_type=\"widget\" data-e-type=\"widget\" data-widget_type=\"ekit-nav-menu.default\">\n\t\t\t\t<div class=\"elementor-widget-container\">\n\t\t\t\t\t\t\t<nav class=\"ekit-wid-con ekit_menu_responsive_tablet\"\n\t\t\tdata-hamburger-icon=\"\"\n\t\t\tdata-hamburger-icon-type=\"icon\"\n\t\t\tdata-responsive-breakpoint=\"1024\">\n\t\t\t            <button class=\"elementskit-menu-hamburger elementskit-menu-toggler\"  type=\"button\" aria-label=\"hamburger-icon\">\n                                    <span class=\"elementskit-menu-hamburger-icon\"><\/span><span class=\"elementskit-menu-hamburger-icon\"><\/span><span class=\"elementskit-menu-hamburger-icon\"><\/span>\n                            <\/button>\n            <div id=\"ekit-megamenu-menu-lateral\" class=\"elementskit-menu-container elementskit-menu-offcanvas-elements elementskit-navbar-nav-default ekit-nav-menu-one-page-yes ekit-nav-dropdown-click\"><ul id=\"menu-menu-lateral\" class=\"elementskit-navbar-nav elementskit-menu-po-left submenu-click-on-icon\"><li id=\"menu-item-16338\" class=\"menu-item menu-item-type-custom menu-item-object-custom menu-item-16338 nav-item elementskit-mobile-builder-content\" data-vertical-menu=750px><a href=\"\/events\/\" class=\"ekit-menu-nav-link\">CALENDARIO DE ACTIVIDADES<\/a><\/li>\n<li id=\"menu-item-2386\" class=\"menu-item menu-item-type-custom menu-item-object-custom menu-item-has-children menu-item-2386 nav-item elementskit-dropdown-has relative_position elementskit-dropdown-menu-default_width elementskit-mobile-builder-content\" data-vertical-menu=750px><a href=\"#\" class=\"ekit-menu-nav-link ekit-menu-dropdown-toggle\">INFORMACIONES GENERALES<i aria-hidden=\"true\" class=\"icon icon-down-arrow1 elementskit-submenu-indicator\"><\/i><\/a>\n<ul class=\"elementskit-dropdown elementskit-submenu-panel\">\n\t<li id=\"menu-item-2468\" class=\"menu-item menu-item-type-post_type menu-item-object-page menu-item-2468 nav-item elementskit-mobile-builder-content\" data-vertical-menu=750px><a href=\"https:\/\/www.sanmiguelarcangel.cl\/wpsma\/informaciones-generales-2025\/\" class=\" dropdown-item\">INFORMACIONES GENERALES 2026<\/a>\t<li id=\"menu-item-2467\" class=\"menu-item menu-item-type-post_type menu-item-object-page menu-item-2467 nav-item elementskit-mobile-builder-content\" data-vertical-menu=750px><a href=\"https:\/\/www.sanmiguelarcangel.cl\/wpsma\/horarios\/\" class=\" dropdown-item\">HORARIOS<\/a>\t<li id=\"menu-item-2466\" class=\"menu-item menu-item-type-post_type menu-item-object-page menu-item-2466 nav-item elementskit-mobile-builder-content\" data-vertical-menu=750px><a href=\"https:\/\/www.sanmiguelarcangel.cl\/wpsma\/listas-de-materiales\/\" class=\" dropdown-item\">LISTAS DE MATERIALES 2026<\/a>\t<li id=\"menu-item-2465\" class=\"menu-item menu-item-type-post_type menu-item-object-page menu-item-2465 nav-item elementskit-mobile-builder-content\" data-vertical-menu=750px><a href=\"https:\/\/www.sanmiguelarcangel.cl\/wpsma\/textos-escolares-2023\/\" class=\" dropdown-item\">TEXTOS ESCOLARES 2026<\/a>\t<li id=\"menu-item-2464\" class=\"menu-item menu-item-type-post_type menu-item-object-page menu-item-2464 nav-item elementskit-mobile-builder-content\" data-vertical-menu=750px><a href=\"https:\/\/www.sanmiguelarcangel.cl\/wpsma\/calendarios-de-evaluaciones-2023\/\" class=\" dropdown-item\">CALENDARIOS DE EVALUACIONES<\/a>\t<li id=\"menu-item-2463\" class=\"menu-item menu-item-type-post_type menu-item-object-page menu-item-2463 nav-item elementskit-mobile-builder-content\" data-vertical-menu=750px><a href=\"https:\/\/www.sanmiguelarcangel.cl\/wpsma\/plan-lector-2023\/\" class=\" dropdown-item\">PLAN LECTOR 2026<\/a>\t<li id=\"menu-item-2462\" class=\"menu-item menu-item-type-post_type menu-item-object-page menu-item-2462 nav-item elementskit-mobile-builder-content\" data-vertical-menu=750px><a href=\"https:\/\/www.sanmiguelarcangel.cl\/wpsma\/servicios\/\" class=\" dropdown-item\">SERVICIOS<\/a>\t<li id=\"menu-item-2460\" class=\"menu-item menu-item-type-post_type menu-item-object-page menu-item-2460 nav-item elementskit-mobile-builder-content\" data-vertical-menu=750px><a href=\"https:\/\/www.sanmiguelarcangel.cl\/wpsma\/valores\/\" class=\" dropdown-item\">VALORES<\/a>\t<li id=\"menu-item-2459\" class=\"menu-item menu-item-type-post_type menu-item-object-page menu-item-2459 nav-item elementskit-mobile-builder-content\" data-vertical-menu=750px><a href=\"https:\/\/www.sanmiguelarcangel.cl\/wpsma\/circulares-y-comunicaciones\/\" class=\" dropdown-item\">SEGURO COLECTIVO PARA ESCOLARIDAD<\/a><\/ul>\n<\/li>\n<li id=\"menu-item-2387\" class=\"menu-item menu-item-type-custom menu-item-object-custom menu-item-has-children menu-item-2387 nav-item elementskit-dropdown-has relative_position elementskit-dropdown-menu-default_width elementskit-mobile-builder-content\" data-vertical-menu=750px><a href=\"#\" class=\"ekit-menu-nav-link ekit-menu-dropdown-toggle\">CENTRO DE PADRES<i aria-hidden=\"true\" class=\"icon icon-down-arrow1 elementskit-submenu-indicator\"><\/i><\/a>\n<ul class=\"elementskit-dropdown elementskit-submenu-panel\">\n\t<li id=\"menu-item-2410\" class=\"menu-item menu-item-type-post_type menu-item-object-page menu-item-2410 nav-item elementskit-mobile-builder-content\" data-vertical-menu=750px><a href=\"https:\/\/www.sanmiguelarcangel.cl\/wpsma\/directiva\/\" class=\" dropdown-item\">DIRECTIVA<\/a><\/ul>\n<\/li>\n<li id=\"menu-item-2209\" class=\"menu-item menu-item-type-custom menu-item-object-custom menu-item-2209 nav-item elementskit-mobile-builder-content\" data-vertical-menu=750px><a href=\"https:\/\/schoolnet.colegium.com\/webapp\/es_CL\/login\" class=\"ekit-menu-nav-link\">SCHOOLNET<\/a><\/li>\n<li id=\"menu-item-2210\" class=\"menu-item menu-item-type-custom menu-item-object-custom menu-item-2210 nav-item elementskit-mobile-builder-content\" data-vertical-menu=750px><a href=\"https:\/\/www.sanmiguelarcangel.cl\/wpsma\/biblioteca\/\" class=\"ekit-menu-nav-link\">BIBLIOTECA SMA<\/a><\/li>\n<li id=\"menu-item-12485\" class=\"menu-item menu-item-type-post_type menu-item-object-page menu-item-12485 nav-item elementskit-mobile-builder-content\" data-vertical-menu=750px><a href=\"https:\/\/www.sanmiguelarcangel.cl\/wpsma\/anuarios\/\" class=\"ekit-menu-nav-link\">ANUARIOS<\/a><\/li>\n<li id=\"menu-item-2388\" class=\"menu-item menu-item-type-custom menu-item-object-custom menu-item-has-children menu-item-2388 nav-item elementskit-dropdown-has relative_position elementskit-dropdown-menu-default_width elementskit-mobile-builder-content\" data-vertical-menu=750px><a href=\"#\" class=\"ekit-menu-nav-link ekit-menu-dropdown-toggle\">CENTRO DE ALUMNOS<i aria-hidden=\"true\" class=\"icon icon-down-arrow1 elementskit-submenu-indicator\"><\/i><\/a>\n<ul class=\"elementskit-dropdown elementskit-submenu-panel\">\n\t<li id=\"menu-item-2411\" class=\"menu-item menu-item-type-post_type menu-item-object-page menu-item-2411 nav-item elementskit-mobile-builder-content\" data-vertical-menu=750px><a href=\"https:\/\/www.sanmiguelarcangel.cl\/wpsma\/directiva-alumnos\/\" class=\" dropdown-item\">DIRECTIVA ALUMNOS<\/a><\/ul>\n<\/li>\n<li id=\"menu-item-20510\" class=\"menu-item menu-item-type-post_type menu-item-object-page menu-item-20510 nav-item elementskit-mobile-builder-content\" data-vertical-menu=750px><a href=\"https:\/\/www.sanmiguelarcangel.cl\/wpsma\/extension\/\" class=\"ekit-menu-nav-link\">EXTENSI\u00d3N<\/a><\/li>\n<\/ul><div class=\"elementskit-nav-identity-panel\"><button class=\"elementskit-menu-close elementskit-menu-toggler\" type=\"button\">X<\/button><\/div><\/div>\n\t\t\t<div class=\"elementskit-menu-overlay elementskit-menu-offcanvas-elements elementskit-menu-toggler ekit-nav-menu--overlay\"><\/div>        <\/nav>\n\t\t\t\t\t\t<\/div>\n\t\t\t\t<\/div>\n\t\t\t\t<div class=\"elementor-element elementor-element-cd0c5ed menulat elementor-hidden-desktop elementor-widget elementor-widget-ekit-nav-menu\" data-id=\"cd0c5ed\" data-element_type=\"widget\" data-e-type=\"widget\" data-widget_type=\"ekit-nav-menu.default\">\n\t\t\t\t<div class=\"elementor-widget-container\">\n\t\t\t\t\t\t\t<nav class=\"ekit-wid-con ekit_menu_responsive_tablet\"\n\t\t\tdata-hamburger-icon=\"\"\n\t\t\tdata-hamburger-icon-type=\"icon\"\n\t\t\tdata-responsive-breakpoint=\"1024\">\n\t\t\t            <button class=\"elementskit-menu-hamburger elementskit-menu-toggler\"  type=\"button\" aria-label=\"hamburger-icon\">\n                                    <span class=\"elementskit-menu-hamburger-icon\"><\/span><span class=\"elementskit-menu-hamburger-icon\"><\/span><span class=\"elementskit-menu-hamburger-icon\"><\/span>\n                            <\/button>\n            <div id=\"ekit-megamenu-menu-lateral\" class=\"elementskit-menu-container elementskit-menu-offcanvas-elements elementskit-navbar-nav-default ekit-nav-menu-one-page- ekit-nav-dropdown-hover\"><ul id=\"menu-menu-lateral-1\" class=\"elementskit-navbar-nav elementskit-menu-po-left submenu-click-on-icon\"><li class=\"menu-item menu-item-type-custom menu-item-object-custom menu-item-16338 nav-item elementskit-mobile-builder-content\" data-vertical-menu=750px><a href=\"\/events\/\" class=\"ekit-menu-nav-link\">CALENDARIO DE ACTIVIDADES<\/a><\/li>\n<li class=\"menu-item menu-item-type-custom menu-item-object-custom menu-item-has-children menu-item-2386 nav-item elementskit-dropdown-has relative_position elementskit-dropdown-menu-default_width elementskit-mobile-builder-content\" data-vertical-menu=750px><a href=\"#\" class=\"ekit-menu-nav-link ekit-menu-dropdown-toggle\">INFORMACIONES GENERALES<i aria-hidden=\"true\" class=\"icon icon-down-arrow1 elementskit-submenu-indicator\"><\/i><\/a>\n<ul class=\"elementskit-dropdown elementskit-submenu-panel\">\n\t<li class=\"menu-item menu-item-type-post_type menu-item-object-page menu-item-2468 nav-item elementskit-mobile-builder-content\" data-vertical-menu=750px><a href=\"https:\/\/www.sanmiguelarcangel.cl\/wpsma\/informaciones-generales-2025\/\" class=\" dropdown-item\">INFORMACIONES GENERALES 2026<\/a>\t<li class=\"menu-item menu-item-type-post_type menu-item-object-page menu-item-2467 nav-item elementskit-mobile-builder-content\" data-vertical-menu=750px><a href=\"https:\/\/www.sanmiguelarcangel.cl\/wpsma\/horarios\/\" class=\" dropdown-item\">HORARIOS<\/a>\t<li class=\"menu-item menu-item-type-post_type menu-item-object-page menu-item-2466 nav-item elementskit-mobile-builder-content\" data-vertical-menu=750px><a href=\"https:\/\/www.sanmiguelarcangel.cl\/wpsma\/listas-de-materiales\/\" class=\" dropdown-item\">LISTAS DE MATERIALES 2026<\/a>\t<li class=\"menu-item menu-item-type-post_type menu-item-object-page menu-item-2465 nav-item elementskit-mobile-builder-content\" data-vertical-menu=750px><a href=\"https:\/\/www.sanmiguelarcangel.cl\/wpsma\/textos-escolares-2023\/\" class=\" dropdown-item\">TEXTOS ESCOLARES 2026<\/a>\t<li class=\"menu-item menu-item-type-post_type menu-item-object-page menu-item-2464 nav-item elementskit-mobile-builder-content\" data-vertical-menu=750px><a href=\"https:\/\/www.sanmiguelarcangel.cl\/wpsma\/calendarios-de-evaluaciones-2023\/\" class=\" dropdown-item\">CALENDARIOS DE EVALUACIONES<\/a>\t<li class=\"menu-item menu-item-type-post_type menu-item-object-page menu-item-2463 nav-item elementskit-mobile-builder-content\" data-vertical-menu=750px><a href=\"https:\/\/www.sanmiguelarcangel.cl\/wpsma\/plan-lector-2023\/\" class=\" dropdown-item\">PLAN LECTOR 2026<\/a>\t<li class=\"menu-item menu-item-type-post_type menu-item-object-page menu-item-2462 nav-item elementskit-mobile-builder-content\" data-vertical-menu=750px><a href=\"https:\/\/www.sanmiguelarcangel.cl\/wpsma\/servicios\/\" class=\" dropdown-item\">SERVICIOS<\/a>\t<li class=\"menu-item menu-item-type-post_type menu-item-object-page menu-item-2460 nav-item elementskit-mobile-builder-content\" data-vertical-menu=750px><a href=\"https:\/\/www.sanmiguelarcangel.cl\/wpsma\/valores\/\" class=\" dropdown-item\">VALORES<\/a>\t<li class=\"menu-item menu-item-type-post_type menu-item-object-page menu-item-2459 nav-item elementskit-mobile-builder-content\" data-vertical-menu=750px><a href=\"https:\/\/www.sanmiguelarcangel.cl\/wpsma\/circulares-y-comunicaciones\/\" class=\" dropdown-item\">SEGURO COLECTIVO PARA ESCOLARIDAD<\/a><\/ul>\n<\/li>\n<li class=\"menu-item menu-item-type-custom menu-item-object-custom menu-item-has-children menu-item-2387 nav-item elementskit-dropdown-has relative_position elementskit-dropdown-menu-default_width elementskit-mobile-builder-content\" data-vertical-menu=750px><a href=\"#\" class=\"ekit-menu-nav-link ekit-menu-dropdown-toggle\">CENTRO DE PADRES<i aria-hidden=\"true\" class=\"icon icon-down-arrow1 elementskit-submenu-indicator\"><\/i><\/a>\n<ul class=\"elementskit-dropdown elementskit-submenu-panel\">\n\t<li class=\"menu-item menu-item-type-post_type menu-item-object-page menu-item-2410 nav-item elementskit-mobile-builder-content\" data-vertical-menu=750px><a href=\"https:\/\/www.sanmiguelarcangel.cl\/wpsma\/directiva\/\" class=\" dropdown-item\">DIRECTIVA<\/a><\/ul>\n<\/li>\n<li class=\"menu-item menu-item-type-custom menu-item-object-custom menu-item-2209 nav-item elementskit-mobile-builder-content\" data-vertical-menu=750px><a href=\"https:\/\/schoolnet.colegium.com\/webapp\/es_CL\/login\" class=\"ekit-menu-nav-link\">SCHOOLNET<\/a><\/li>\n<li class=\"menu-item menu-item-type-custom menu-item-object-custom menu-item-2210 nav-item elementskit-mobile-builder-content\" data-vertical-menu=750px><a href=\"https:\/\/www.sanmiguelarcangel.cl\/wpsma\/biblioteca\/\" class=\"ekit-menu-nav-link\">BIBLIOTECA SMA<\/a><\/li>\n<li class=\"menu-item menu-item-type-post_type menu-item-object-page menu-item-12485 nav-item elementskit-mobile-builder-content\" data-vertical-menu=750px><a href=\"https:\/\/www.sanmiguelarcangel.cl\/wpsma\/anuarios\/\" class=\"ekit-menu-nav-link\">ANUARIOS<\/a><\/li>\n<li class=\"menu-item menu-item-type-custom menu-item-object-custom menu-item-has-children menu-item-2388 nav-item elementskit-dropdown-has relative_position elementskit-dropdown-menu-default_width elementskit-mobile-builder-content\" data-vertical-menu=750px><a href=\"#\" class=\"ekit-menu-nav-link ekit-menu-dropdown-toggle\">CENTRO DE ALUMNOS<i aria-hidden=\"true\" class=\"icon icon-down-arrow1 elementskit-submenu-indicator\"><\/i><\/a>\n<ul class=\"elementskit-dropdown elementskit-submenu-panel\">\n\t<li class=\"menu-item menu-item-type-post_type menu-item-object-page menu-item-2411 nav-item elementskit-mobile-builder-content\" data-vertical-menu=750px><a href=\"https:\/\/www.sanmiguelarcangel.cl\/wpsma\/directiva-alumnos\/\" class=\" dropdown-item\">DIRECTIVA ALUMNOS<\/a><\/ul>\n<\/li>\n<li class=\"menu-item menu-item-type-post_type menu-item-object-page menu-item-20510 nav-item elementskit-mobile-builder-content\" data-vertical-menu=750px><a href=\"https:\/\/www.sanmiguelarcangel.cl\/wpsma\/extension\/\" class=\"ekit-menu-nav-link\">EXTENSI\u00d3N<\/a><\/li>\n<\/ul><div class=\"elementskit-nav-identity-panel\"><button class=\"elementskit-menu-close elementskit-menu-toggler\" type=\"button\">X<\/button><\/div><\/div>\n\t\t\t<div class=\"elementskit-menu-overlay elementskit-menu-offcanvas-elements elementskit-menu-toggler ekit-nav-menu--overlay\"><\/div>        <\/nav>\n\t\t\t\t\t\t<\/div>\n\t\t\t\t<\/div>\n\t\t\t\t\t<\/div>\n\t\t<\/div>\n\t\t\t\t<div class=\"elementor-column elementor-col-50 elementor-top-column elementor-element elementor-element-106934b\" data-id=\"106934b\" data-element_type=\"column\" data-e-type=\"column\">\n\t\t\t<div class=\"elementor-widget-wrap elementor-element-populated\">\n\t\t\t\t\t\t<div class=\"elementor-element elementor-element-b19d1df elementor-widget elementor-widget-text-editor\" data-id=\"b19d1df\" data-element_type=\"widget\" data-e-type=\"widget\" data-widget_type=\"text-editor.default\">\n\t\t\t\t<div class=\"elementor-widget-container\">\n\t\t\t\t\t\t\t\t\t<p><span style=\"text-decoration: underline;\"><strong>UNIFORMES:<\/strong><\/span><\/p><p><strong>L\u2019Goutte (Raquel Luna):\u00a0 <\/strong><\/p><p>Direcci\u00f3n: Alcalde Jenschke 7465-A, La Reina<\/p><p>Tel\u00e9fono: 22261924<\/p><p>Celular: 992402574<\/p><p>Mail: <a href=\"mailto:contacto@buzos.cl\" target=\"_blank\" rel=\"noopener\">contacto@buzos.cl<\/a><\/p><p>P\u00e1gina web:\u00a0<a href=\"http:\/\/www.buzos.cl\/\">www.buzos.cl<\/a><\/p><p>1. Venta presencial en tienda.<br \/>2. Venta a trav\u00e9s de p\u00e1gina web, con todo medio de pago y transferencia.<br \/>3. Pedidos a trav\u00e9s de la p\u00e1gina, Whatsapp o telef\u00f3no.<br \/>4. Con entrega en el colegio sin costo o entrega a domicilio, con costo.<\/p><p>* La corbata del uniforme solo se vende en L\u2019Goutte.<\/p><p>_______________________________________<\/p><p><strong>Hookipa Uniformes:<\/strong><\/p><p>Direcci\u00f3n: Avenida Apoquindo 7331, local 108, Edificio Apoquindo Moro, Las Condes.<\/p><p>Tel\u00e9fono: 222109181<\/p><p>Correo: <a href=\"mailto:contacto@hookipa.cl\" target=\"_blank\" rel=\"noopener\">contacto@hookipa.cl<\/a><\/p><p>_________________________________________<\/p><p><span style=\"text-decoration: underline;\"><strong>ALMUERZO:<\/strong><\/span><\/p><p>Todos los alumnos de 1\u00b0 B\u00e1sico a IV Medio almuerzan en el colegio, a excepci\u00f3n de los martes.<\/p><p>Pueden traer almuerzo desde la casa. En caso de no traer termo, el colegio dispone de microondas para calentar la comida.\u00a0 Recordamos tener las pertenencias marcadas.<\/p><p>A su vez,\u00a0 se pueden contratar el servicio del concesionario del casino:<\/p><p><strong>D\u00edas Gourmet<\/strong><\/p><p>Juan Pablo D\u00edaz L.<\/p><p>Mail:\u00a0jpablodiazlazo@gmail.com<\/p><p>Celular: 975193850<\/p><p>__________________________________________<\/p><p><span style=\"text-decoration: underline;\"><strong>TRANSPORTE:<\/strong><\/span><\/p><p>El colegio cuenta con un proveedor externo de transporte escolar:<\/p><p><strong>Transportes AB Spa.<\/strong><\/p><p><span style=\"font-weight: 400;\">Gonzalo Abelli B.<\/span><\/p><p><span style=\"font-weight: 400;\">Tel\u00e9fono: +56 9 94698425<\/span><\/p><p><span style=\"font-weight: 400;\">gabelli@transportesabspa.cl<\/span><\/p><p>Cualquier duda, consultar en Recepci\u00f3n.<\/p><p>\u00a0<\/p><p>\u00a0<\/p><p>\u00a0<\/p>\t\t\t\t\t\t\t\t<\/div>\n\t\t\t\t<\/div>\n\t\t\t\t\t<\/div>\n\t\t<\/div>\n\t\t\t\t\t<\/div>\n\t\t<\/section>\n\t\t\t\t<\/div>\n\t\t","protected":false},"excerpt":{"rendered":"<p>SERVICIOS Login Usuarios\u200e \u200e \u200e \u200e \u200e \u200e \u200e \u200e \u200e \u200e \u200e \u200e \u200e \u200e \u200e \u200e \u200e \u200e \u200e \u200e \u200e \u200e \u200e \u200e \u200e CALENDARIO DE ACTIVIDADES&#8230;<\/p>\n","protected":false},"author":2,"featured_media":0,"parent":0,"menu_order":0,"comment_status":"closed","ping_status":"closed","template":"","meta":{"_kadence_starter_templates_imported_post":true,"_kad_post_transparent":"disable","_kad_post_title":"hide","_kad_post_layout":"fullwidth","_kad_post_sidebar_id":"","_kad_post_content_style":"unboxed","_kad_post_vertical_padding":"hide","_kad_post_feature":"hide","_kad_post_feature_position":"","_kad_post_header":true,"_kad_post_footer":false,"_kad_post_classname":"","footnotes":""},"class_list":["post-2450","page","type-page","status-publish","hentry"],"_links":{"self":[{"href":"https:\/\/www.sanmiguelarcangel.cl\/wpsma\/wp-json\/wp\/v2\/pages\/2450","targetHints":{"allow":["GET"]}}],"collection":[{"href":"https:\/\/www.sanmiguelarcangel.cl\/wpsma\/wp-json\/wp\/v2\/pages"}],"about":[{"href":"https:\/\/www.sanmiguelarcangel.cl\/wpsma\/wp-json\/wp\/v2\/types\/page"}],"author":[{"embeddable":true,"href":"https:\/\/www.sanmiguelarcangel.cl\/wpsma\/wp-json\/wp\/v2\/users\/2"}],"replies":[{"embeddable":true,"href":"https:\/\/www.sanmiguelarcangel.cl\/wpsma\/wp-json\/wp\/v2\/comments?post=2450"}],"version-history":[{"count":41,"href":"https:\/\/www.sanmiguelarcangel.cl\/wpsma\/wp-json\/wp\/v2\/pages\/2450\/revisions"}],"predecessor-version":[{"id":20053,"href":"https:\/\/www.sanmiguelarcangel.cl\/wpsma\/wp-json\/wp\/v2\/pages\/2450\/revisions\/20053"}],"wp:attachment":[{"href":"https:\/\/www.sanmiguelarcangel.cl\/wpsma\/wp-json\/wp\/v2\/media?parent=2450"}],"curies":[{"name":"wp","href":"https:\/\/api.w.org\/{rel}","templated":true}]}}